{"id":36,"date":"2023-01-09T09:17:58","date_gmt":"2023-01-09T09:17:58","guid":{"rendered":"https:\/\/www.gcda-ks.biz\/?page_id=36"},"modified":"2023-01-13T18:04:09","modified_gmt":"2023-01-13T18:04:09","slug":"business-development","status":"publish","type":"page","link":"https:\/\/gcda-ks.biz\/alb\/business-development\/","title":{"rendered":"Zhvillimi i Biznesit"},"content":{"rendered":"<div data-elementor-type=\"wp-page\" data-elementor-id=\"36\" class=\"elementor elementor-36\" data-elementor-post-type=\"page\">\n\t\t\t\t\t\t<section class=\"elementor-section elementor-top-section elementor-element elementor-element-63494bb elementor-section-boxed elementor-section-height-default elementor-section-height-default\" data-id=\"63494bb\" data-element_type=\"section\" data-settings=\"{&quot;background_background&quot;:&quot;classic&quot;}\">\n\t\t\t\t\t\t<div class=\"elementor-container elementor-column-gap-no\">\n\t\t\t\t\t<div class=\"elementor-column elementor-col-100 elementor-top-column elementor-element elementor-element-fd6312d\" data-id=\"fd6312d\" data-element_type=\"column\">\n\t\t\t<div class=\"elementor-widget-wrap elementor-element-populated\">\n\t\t\t\t\t\t<div class=\"elementor-element elementor-element-8caa030 de_scroll_animation_no elementor-widget elementor-widget-heading\" data-id=\"8caa030\" data-element_type=\"widget\" data-widget_type=\"heading.default\">\n\t\t\t\t<div class=\"elementor-widget-container\">\n\t\t\t\t\t<h2 class=\"elementor-heading-title elementor-size-default\">Zhvillimi i Biznesit\n<\/h2>\t\t\t\t<\/div>\n\t\t\t\t<\/div>\n\t\t\t\t<div class=\"elementor-element elementor-element-20719c8 de_scroll_animation_no elementor-widget elementor-widget-text-editor\" data-id=\"20719c8\" data-element_type=\"widget\" data-widget_type=\"text-editor.default\">\n\t\t\t\t<div class=\"elementor-widget-container\">\n\t\t\t\t\t\t\t\t\t<p>GC&amp;DA LLC is committed to assisting domestic and foreign companies that want to locate, expand, grow, or maintain a presence in Kosovo through its departments and other resources. Our experts and specialists design, develop and implement growth programs for B2B organisations.<\/p><p>We use our combined experience in sales, marketing, technology, and business development to help our clients generate more business opportunities. This diverse business background allows GC&amp;DA to offer its clients valuable international experience associated with technical skills and expertise required for precise business execution.<\/p><p>We can help you with your business plan preparation and strategy, proposal preparation, certifications and applications, business development, management and organizational structure, obtain funding, develop markets, expand into domestic markets, create partnerships, and provide marketing and sales representation services.<\/p>\t\t\t\t\t\t\t\t<\/div>\n\t\t\t\t<\/div>\n\t\t\t\t<div class=\"elementor-element elementor-element-101315d elementor-widget-divider--view-line de_scroll_animation_no elementor-widget elementor-widget-divider\" data-id=\"101315d\" data-element_type=\"widget\" data-widget_type=\"divider.default\">\n\t\t\t\t<div class=\"elementor-widget-container\">\n\t\t\t\t\t\t\t<div class=\"elementor-divider\">\n\t\t\t<span class=\"elementor-divider-separator\">\n\t\t\t\t\t\t<\/span>\n\t\t<\/div>\n\t\t\t\t\t\t<\/div>\n\t\t\t\t<\/div>\n\t\t\t\t<div class=\"elementor-element elementor-element-9a7fa14 de_scroll_animation_no elementor-widget elementor-widget-heading\" data-id=\"9a7fa14\" data-element_type=\"widget\" data-widget_type=\"heading.default\">\n\t\t\t\t<div class=\"elementor-widget-container\">\n\t\t\t\t\t<h2 class=\"elementor-heading-title elementor-size-default\">You May Also Like\n<\/h2>\t\t\t\t<\/div>\n\t\t\t\t<\/div>\n\t\t\t\t\t<\/div>\n\t\t<\/div>\n\t\t\t\t\t<\/div>\n\t\t<\/section>\n\t\t\t\t<section class=\"elementor-section elementor-inner-section elementor-element elementor-element-7d868270 departments elementor-section-boxed elementor-section-height-default elementor-section-height-default\" data-id=\"7d868270\" data-element_type=\"section\" data-settings=\"{&quot;background_background&quot;:&quot;classic&quot;}\">\n\t\t\t\t\t\t<div class=\"elementor-container elementor-column-gap-no\">\n\t\t\t\t\t<div class=\"make-column-clickable-elementor de-column-clickable-elementor elementor-column elementor-col-33 elementor-inner-column elementor-element elementor-element-63e44761\" style=\"cursor: pointer; cursor: pointer;\" data-column-clickable=\"http:\/\/gcda-ks.biz\/project-department\/ http:\/\/gcda-ks.biz\/project-department\/\" data-column-clickable-blank=\"_self _self\" data-id=\"63e44761\" data-element_type=\"column\" data-settings=\"{&quot;background_background&quot;:&quot;classic&quot;}\">\n\t\t\t<div class=\"elementor-widget-wrap elementor-element-populated\">\n\t\t\t\t\t\t<div class=\"elementor-element elementor-element-7b6c2b26 elementor-view-default de_scroll_animation_no elementor-widget elementor-widget-icon\" data-id=\"7b6c2b26\" data-element_type=\"widget\" data-widget_type=\"icon.default\">\n\t\t\t\t<div class=\"elementor-widget-container\">\n\t\t\t\t\t\t\t<div class=\"elementor-icon-wrapper\">\n\t\t\t<div class=\"elementor-icon\">\n\t\t\t<i aria-hidden=\"true\" class=\"fas fa-sitemap\"><\/i>\t\t\t<\/div>\n\t\t<\/div>\n\t\t\t\t\t\t<\/div>\n\t\t\t\t<\/div>\n\t\t\t\t<div class=\"elementor-element elementor-element-78da0e1a de_scroll_animation_no elementor-widget elementor-widget-heading\" data-id=\"78da0e1a\" data-element_type=\"widget\" data-widget_type=\"heading.default\">\n\t\t\t\t<div class=\"elementor-widget-container\">\n\t\t\t\t\t<h2 class=\"elementor-heading-title elementor-size-default\">Departamenti i Projekteve<\/h2>\t\t\t\t<\/div>\n\t\t\t\t<\/div>\n\t\t\t\t<div class=\"elementor-element elementor-element-5d5cf794 de_scroll_animation_no elementor-widget elementor-widget-heading\" data-id=\"5d5cf794\" data-element_type=\"widget\" data-widget_type=\"heading.default\">\n\t\t\t\t<div class=\"elementor-widget-container\">\n\t\t\t\t\t<h2 class=\"elementor-heading-title elementor-size-default\">Since our establishment, GC&amp;DA LLC has been extensively involved in providing support to Technical Assistance Projects that are funded by\u2026<\/h2>\t\t\t\t<\/div>\n\t\t\t\t<\/div>\n\t\t\t\t\t<\/div>\n\t\t<\/div>\n\t\t\t\t<div class=\"make-column-clickable-elementor de-column-clickable-elementor elementor-column elementor-col-33 elementor-inner-column elementor-element elementor-element-11048f2b\" style=\"cursor: pointer; cursor: pointer;\" data-column-clickable=\"http:\/\/gcda-ks.biz\/project-implementation\/ http:\/\/gcda-ks.biz\/project-implementation\/\" data-column-clickable-blank=\"_self _self\" data-id=\"11048f2b\" data-element_type=\"column\" data-settings=\"{&quot;background_background&quot;:&quot;classic&quot;}\">\n\t\t\t<div class=\"elementor-widget-wrap elementor-element-populated\">\n\t\t\t\t\t\t<div class=\"elementor-element elementor-element-60c41e7e elementor-view-default de_scroll_animation_no elementor-widget elementor-widget-icon\" data-id=\"60c41e7e\" data-element_type=\"widget\" data-widget_type=\"icon.default\">\n\t\t\t\t<div class=\"elementor-widget-container\">\n\t\t\t\t\t\t\t<div class=\"elementor-icon-wrapper\">\n\t\t\t<div class=\"elementor-icon\">\n\t\t\t<i aria-hidden=\"true\" class=\"fas fa-cog\"><\/i>\t\t\t<\/div>\n\t\t<\/div>\n\t\t\t\t\t\t<\/div>\n\t\t\t\t<\/div>\n\t\t\t\t<div class=\"elementor-element elementor-element-7e8fb36b de_scroll_animation_no elementor-widget elementor-widget-heading\" data-id=\"7e8fb36b\" data-element_type=\"widget\" data-widget_type=\"heading.default\">\n\t\t\t\t<div class=\"elementor-widget-container\">\n\t\t\t\t\t<h2 class=\"elementor-heading-title elementor-size-default\">Implementimi i Projekteve<\/h2>\t\t\t\t<\/div>\n\t\t\t\t<\/div>\n\t\t\t\t<div class=\"elementor-element elementor-element-4dccfeab de_scroll_animation_no elementor-widget elementor-widget-heading\" data-id=\"4dccfeab\" data-element_type=\"widget\" data-widget_type=\"heading.default\">\n\t\t\t\t<div class=\"elementor-widget-container\">\n\t\t\t\t\t<h2 class=\"elementor-heading-title elementor-size-default\">\u200bKonkurrent\u00ebt n\u00eb tregjet e reja shpesh her\u00eb ballafaqohen me sfida t\u00eb ndryshme q\u00eb shfaqen nga dallimet n\u00eb kultur\u00eb, gjuh\u00eb dhe\u2026\n\n<\/h2>\t\t\t\t<\/div>\n\t\t\t\t<\/div>\n\t\t\t\t\t<\/div>\n\t\t<\/div>\n\t\t\t\t<div class=\"make-column-clickable-elementor de-column-clickable-elementor elementor-column elementor-col-33 elementor-inner-column elementor-element elementor-element-60e3c403\" style=\"cursor: pointer; cursor: pointer;\" data-column-clickable=\"http:\/\/gcda-ks.biz\/finance-and-administrative\/ http:\/\/gcda-ks.biz\/finance-and-administrative\/\" data-column-clickable-blank=\"_self _self\" data-id=\"60e3c403\" data-element_type=\"column\" data-settings=\"{&quot;background_background&quot;:&quot;classic&quot;}\">\n\t\t\t<div class=\"elementor-widget-wrap elementor-element-populated\">\n\t\t\t\t\t\t<div class=\"elementor-element elementor-element-1ef80412 elementor-view-default de_scroll_animation_no elementor-widget elementor-widget-icon\" data-id=\"1ef80412\" data-element_type=\"widget\" data-widget_type=\"icon.default\">\n\t\t\t\t<div class=\"elementor-widget-container\">\n\t\t\t\t\t\t\t<div class=\"elementor-icon-wrapper\">\n\t\t\t<div class=\"elementor-icon\">\n\t\t\t<i aria-hidden=\"true\" class=\"fas fa-briefcase\"><\/i>\t\t\t<\/div>\n\t\t<\/div>\n\t\t\t\t\t\t<\/div>\n\t\t\t\t<\/div>\n\t\t\t\t<div class=\"elementor-element elementor-element-304c0bd0 de_scroll_animation_no elementor-widget elementor-widget-heading\" data-id=\"304c0bd0\" data-element_type=\"widget\" data-widget_type=\"heading.default\">\n\t\t\t\t<div class=\"elementor-widget-container\">\n\t\t\t\t\t<h2 class=\"elementor-heading-title elementor-size-default\">Financa dhe Administrat\u00eb<\/h2>\t\t\t\t<\/div>\n\t\t\t\t<\/div>\n\t\t\t\t<div class=\"elementor-element elementor-element-3c10918 de_scroll_animation_no elementor-widget elementor-widget-heading\" data-id=\"3c10918\" data-element_type=\"widget\" data-widget_type=\"heading.default\">\n\t\t\t\t<div class=\"elementor-widget-container\">\n\t\t\t\t\t<h2 class=\"elementor-heading-title elementor-size-default\">Departamenti p\u00ebr Financa\/Administrativ n\u00eb kuad\u00ebr t\u00eb kompanis\u00eb p\u00ebrb\u00ebhet nga Divizioni i Sh\u00ebrbimeve Financiare dhe Administrative, si dhe Divizioni p\u00ebr Planifikim\u2026\n\n<\/h2>\t\t\t\t<\/div>\n\t\t\t\t<\/div>\n\t\t\t\t\t<\/div>\n\t\t<\/div>\n\t\t\t\t\t<\/div>\n\t\t<\/section>\n\t\t\t\t<\/div>","protected":false},"excerpt":{"rendered":"<p>Business Development GC&amp;DA LLC is committed to assisting domestic and foreign companies that want to locate, expand, grow, or maintain a presence in Kosovo through its departments and other resources. Our experts and specialists design, develop and implement growth programs for B2B organisations. We use our combined experience in sales, marketing, technology, and business development [&hellip;]<\/p>","protected":false},"author":2,"featured_media":0,"parent":0,"menu_order":0,"comment_status":"closed","ping_status":"closed","template":"","meta":{"footnotes":""},"class_list":["post-36","page","type-page","status-publish","hentry"],"_links":{"self":[{"href":"https:\/\/gcda-ks.biz\/alb\/wp-json\/wp\/v2\/pages\/36","targetHints":{"allow":["GET"]}}],"collection":[{"href":"https:\/\/gcda-ks.biz\/alb\/wp-json\/wp\/v2\/pages"}],"about":[{"href":"https:\/\/gcda-ks.biz\/alb\/wp-json\/wp\/v2\/types\/page"}],"author":[{"embeddable":true,"href":"https:\/\/gcda-ks.biz\/alb\/wp-json\/wp\/v2\/users\/2"}],"replies":[{"embeddable":true,"href":"https:\/\/gcda-ks.biz\/alb\/wp-json\/wp\/v2\/comments?post=36"}],"version-history":[{"count":5,"href":"https:\/\/gcda-ks.biz\/alb\/wp-json\/wp\/v2\/pages\/36\/revisions"}],"predecessor-version":[{"id":2558,"href":"https:\/\/gcda-ks.biz\/alb\/wp-json\/wp\/v2\/pages\/36\/revisions\/2558"}],"wp:attachment":[{"href":"https:\/\/gcda-ks.biz\/alb\/wp-json\/wp\/v2\/media?parent=36"}],"curies":[{"name":"wp","href":"https:\/\/api.w.org\/{rel}","templated":true}]}}