{"id":30,"date":"2023-01-09T09:15:32","date_gmt":"2023-01-09T09:15:32","guid":{"rendered":"https:\/\/www.gcda-ks.biz\/?page_id=30"},"modified":"2025-05-05T07:18:42","modified_gmt":"2025-05-05T07:18:42","slug":"training","status":"publish","type":"page","link":"https:\/\/gcda-ks.biz\/alb\/training\/","title":{"rendered":"Trajnimet"},"content":{"rendered":"<div data-elementor-type=\"wp-page\" data-elementor-id=\"30\" class=\"elementor elementor-30\" data-elementor-post-type=\"page\">\n\t\t\t\t\t\t<section class=\"elementor-section elementor-top-section elementor-element elementor-element-358db8f elementor-section-full_width elementor-section-height-default elementor-section-height-default\" data-id=\"358db8f\" data-element_type=\"section\" data-settings=\"{&quot;background_background&quot;:&quot;classic&quot;}\">\n\t\t\t\t\t\t\t<div class=\"elementor-background-overlay\"><\/div>\n\t\t\t\t\t\t\t<div class=\"elementor-container elementor-column-gap-no\">\n\t\t\t\t\t<div class=\"elementor-column elementor-col-100 elementor-top-column elementor-element elementor-element-78529ef\" data-id=\"78529ef\" data-element_type=\"column\">\n\t\t\t<div class=\"elementor-widget-wrap\">\n\t\t\t\t\t\t\t<\/div>\n\t\t<\/div>\n\t\t\t\t\t<\/div>\n\t\t<\/section>\n\t\t\t\t<section class=\"elementor-section elementor-top-section elementor-element elementor-element-0ebac12 elementor-section-full_width elementor-section-height-default elementor-section-height-default\" data-id=\"0ebac12\" data-element_type=\"section\" data-settings=\"{&quot;background_background&quot;:&quot;classic&quot;}\">\n\t\t\t\t\t\t<div class=\"elementor-container elementor-column-gap-no\">\n\t\t\t\t\t<div class=\"elementor-column elementor-col-100 elementor-top-column elementor-element elementor-element-d59ce35\" data-id=\"d59ce35\" data-element_type=\"column\">\n\t\t\t<div class=\"elementor-widget-wrap elementor-element-populated\">\n\t\t\t\t\t\t<div class=\"elementor-element elementor-element-356a046 de_scroll_animation_no elementor-widget elementor-widget-heading\" data-id=\"356a046\" data-element_type=\"widget\" data-widget_type=\"heading.default\">\n\t\t\t\t<div class=\"elementor-widget-container\">\n\t\t\t\t\t<h2 class=\"elementor-heading-title elementor-size-default\">Trajnimet<\/h2>\t\t\t\t<\/div>\n\t\t\t\t<\/div>\n\t\t\t\t<div class=\"elementor-element elementor-element-b1af470 de_scroll_animation_no elementor-widget elementor-widget-heading\" data-id=\"b1af470\" data-element_type=\"widget\" data-widget_type=\"heading.default\">\n\t\t\t\t<div class=\"elementor-widget-container\">\n\t\t\t\t\t<h2 class=\"elementor-heading-title elementor-size-default\">TRAINING COURSES &amp; SEMINARS\n<\/h2>\t\t\t\t<\/div>\n\t\t\t\t<\/div>\n\t\t\t\t<div class=\"elementor-element elementor-element-aea9e9a de_scroll_animation_no elementor-widget elementor-widget-heading\" data-id=\"aea9e9a\" data-element_type=\"widget\" data-widget_type=\"heading.default\">\n\t\t\t\t<div class=\"elementor-widget-container\">\n\t\t\t\t\t<h2 class=\"elementor-heading-title elementor-size-default\">GC&amp;DA training courses and seminars address the latest developments and upcoming challenges in key areas of public and private sector management.<br><br>\n\nGC&amp;DA offers participants the possibility to share practical oriented discussions with leading experts and counterparts from Kosovo and abroad, from both private companies and state institutions. The training courses are short and to the point, intensive, and interactive.<\/h2>\t\t\t\t<\/div>\n\t\t\t\t<\/div>\n\t\t\t\t<div class=\"elementor-element elementor-element-bb189fc de_scroll_animation_no elementor-widget elementor-widget-text-editor\" data-id=\"bb189fc\" data-element_type=\"widget\" data-widget_type=\"text-editor.default\">\n\t\t\t\t<div class=\"elementor-widget-container\">\n\t\t\t\t\t\t\t\t\t<p>Kurset e trajnimit jan\u00eb t\u00eb shkurtra, t\u00eb drejtp\u00ebrdrejta, intensive dhe nd\u00ebrvepruese.<\/p><p><strong>Programe t\u00eb p\u00ebrshtatura \u2013<\/strong>\u00a0t\u00eb zhvilluara dhe hartuara nga stafi i specializuar n\u00eb bashk\u00ebpunim t\u00eb ngusht\u00eb me organizatat tona kliente, p\u00ebr t\u00eb p\u00ebrmbushur nevojat dhe prioritetet e tyre t\u00eb ve\u00e7anta, q\u00eb bazohen n\u00eb modulet e tyre kryesore, t\u00eb p\u00ebrzgjedhura nga vet ata.<\/p><p><strong>Regjistrim n\u00eb programet e hapura \u2013<\/strong>\u00a0t\u00eb organizuara me vet\u00eb iniciativ\u00eb nga GC&amp;DA Sh.p.k., n\u00eb t\u00eb cilat pjes\u00ebmarr\u00ebsit regjistrohen n\u00eb m\u00ebnyr\u00eb individuale n\u00eb trajnimin e publikuar nga kompania.<\/p><p>Trajnimet q\u00eb ofrohen nga GC&amp;DA Sh.p.k. por q\u00eb nuk kufizohet vet\u00ebm n\u00eb k\u00ebto, jan\u00eb:<\/p><table><tbody><tr><td><ul><li>Shkrimi i projektit \/ grantit<\/li><li>Menaxhimi i burimeve njer\u00ebzore<\/li><li>Trajnimi p\u00ebr lidership<\/li><li>Marketingu i produkteve dhe marr\u00ebdh\u00ebnia me klient\u00eb<\/li><li>Menaxhimi i ciklit t\u00eb projektit<\/li><li>Planifikimi strategjik<\/li><li>Nd\u00ebrmjet\u00ebsim<\/li><li>Trajnime p\u00ebr bujq\u00ebsi<\/li><li>Menaxhimi zinxhiror<\/li><li>Aft\u00ebsit\u00eb e komunikimit<\/li><li>Sh\u00ebrbimi p\u00ebr klient<\/li><li>Planet dhe strategjit\u00eb e komunikimit<\/li><li>Motivimi i pun\u00ebtor\u00ebve<\/li><li>Zhvillimi i aft\u00ebsive p\u00ebr negocim<\/li><li>Menaxhimi i Performanc\u00ebs<\/li><li>Menaxhimi i projektit<\/li><li>Nd\u00ebrtimi i ekipit<\/li><li>Menaxhimi i koh\u00ebs dhe prioriteteve.<\/li><\/ul><\/td><td><ul><li>Nd\u00ebrmarr\u00ebsi dhe Inovacione<\/li><li>Rritje e Biznesit<\/li><li>Analiz\u00eb Financiare<\/li><li>Kontabilitet Financiar dhe Menaxherial<\/li><li>Biznes dhe Administrim<\/li><li>Zhvillim Ekonomik<\/li><li>Zhvillim i Bizneseve Fillestare<\/li><li>Lidership dhe Menaxhim<\/li><li>Menaxhimi i OJQ-ve<\/li><li>Udh\u00ebheqje e Tregut<\/li><li>Ligjet dhe Rregulloret p\u00ebr Biznese<\/li><li>E Drejta Nd\u00ebrkomb\u00ebtare<\/li><li>Microsoft Word dhe Excel p\u00ebr Biznese<\/li><li>Qeverisje Korporative<\/li><li>Zhvillim i Fuqis\u00eb Pun\u00ebtore<\/li><li>Menaxhim i Sistemit Informativ<\/li><li>Sistem i Mikro-financave dhe ai Bankar<\/li><li>E-Biznesi<\/li><\/ul><\/td><\/tr><\/tbody><\/table>\t\t\t\t\t\t\t\t<\/div>\n\t\t\t\t<\/div>\n\t\t\t\t\t<\/div>\n\t\t<\/div>\n\t\t\t\t\t<\/div>\n\t\t<\/section>\n\t\t\t\t<\/div>","protected":false},"excerpt":{"rendered":"<p>Training TRAINING COURSES &#038; SEMINARS GC&#038;DA training courses and seminars address the latest developments and upcoming challenges in key areas of public and private sector management. GC&#038;DA offers participants the possibility to share practical oriented discussions with leading experts and counterparts from Kosovo and abroad, from both private companies and state institutions. The training courses [&hellip;]<\/p>","protected":false},"author":2,"featured_media":0,"parent":0,"menu_order":0,"comment_status":"closed","ping_status":"closed","template":"","meta":{"footnotes":""},"class_list":["post-30","page","type-page","status-publish","hentry"],"_links":{"self":[{"href":"https:\/\/gcda-ks.biz\/alb\/wp-json\/wp\/v2\/pages\/30","targetHints":{"allow":["GET"]}}],"collection":[{"href":"https:\/\/gcda-ks.biz\/alb\/wp-json\/wp\/v2\/pages"}],"about":[{"href":"https:\/\/gcda-ks.biz\/alb\/wp-json\/wp\/v2\/types\/page"}],"author":[{"embeddable":true,"href":"https:\/\/gcda-ks.biz\/alb\/wp-json\/wp\/v2\/users\/2"}],"replies":[{"embeddable":true,"href":"https:\/\/gcda-ks.biz\/alb\/wp-json\/wp\/v2\/comments?post=30"}],"version-history":[{"count":11,"href":"https:\/\/gcda-ks.biz\/alb\/wp-json\/wp\/v2\/pages\/30\/revisions"}],"predecessor-version":[{"id":3850,"href":"https:\/\/gcda-ks.biz\/alb\/wp-json\/wp\/v2\/pages\/30\/revisions\/3850"}],"wp:attachment":[{"href":"https:\/\/gcda-ks.biz\/alb\/wp-json\/wp\/v2\/media?parent=30"}],"curies":[{"name":"wp","href":"https:\/\/api.w.org\/{rel}","templated":true}]}}