{"id":1456,"date":"2023-01-11T12:12:18","date_gmt":"2023-01-11T12:12:18","guid":{"rendered":"https:\/\/www.gcda-ks.biz\/?page_id=1456"},"modified":"2025-05-05T06:44:43","modified_gmt":"2025-05-05T06:44:43","slug":"conference-events-organizing","status":"publish","type":"page","link":"https:\/\/gcda-ks.biz\/alb\/conference-events-organizing\/","title":{"rendered":"Organizimi i konferencave evenimenteve"},"content":{"rendered":"<div data-elementor-type=\"wp-page\" data-elementor-id=\"1456\" class=\"elementor elementor-1456\" data-elementor-post-type=\"page\">\n\t\t\t\t\t\t<section class=\"elementor-section elementor-top-section elementor-element elementor-element-30f0f039 elementor-section-boxed elementor-section-height-default elementor-section-height-default\" data-id=\"30f0f039\" data-element_type=\"section\">\n\t\t\t\t\t\t<div class=\"elementor-container elementor-column-gap-no\">\n\t\t\t\t\t<div class=\"elementor-column elementor-col-100 elementor-top-column elementor-element elementor-element-528b0b0b\" data-id=\"528b0b0b\" data-element_type=\"column\">\n\t\t\t<div class=\"elementor-widget-wrap elementor-element-populated\">\n\t\t\t\t\t\t<div class=\"elementor-element elementor-element-2192b971 de_scroll_animation_no elementor-widget elementor-widget-heading\" data-id=\"2192b971\" data-element_type=\"widget\" data-widget_type=\"heading.default\">\n\t\t\t\t<div class=\"elementor-widget-container\">\n\t\t\t\t\t<h2 class=\"elementor-heading-title elementor-size-default\">Organizimi i konferencave evenimenteve\n<\/h2>\t\t\t\t<\/div>\n\t\t\t\t<\/div>\n\t\t\t\t<div class=\"elementor-element elementor-element-2dbd0369 de_scroll_animation_no elementor-widget elementor-widget-text-editor\" data-id=\"2dbd0369\" data-element_type=\"widget\" data-widget_type=\"text-editor.default\">\n\t\t\t\t<div class=\"elementor-widget-container\">\n\t\t\t\t\t\t\t\t\t<div style=\"background-color: #91c3f2; color: black; padding: 30px; border-radius: 15px; font-family: Arial, sans-serif; max-width: 100%; margin-bottom: 30px;\">\n  <table style=\"width: 100%; border-collapse: collapse; border: 1px solid black;\">\n    <tbody>\n      <tr>\n        <td style=\"padding: 12px; border: 1px solid black;\"><strong>Country:<\/strong><\/td>\n        <td style=\"padding: 12px; border: 1px solid black;\">Kosovo<\/td>\n      <\/tr>\n      <tr>\n        <td style=\"padding: 12px; border: 1px solid black;\"><strong>Start Date\/End Date:<\/strong><\/td>\n        <td style=\"padding: 12px; border: 1px solid black;\">27.04.2018 \u2013 25.07.2018<\/td>\n      <\/tr>\n      <tr>\n        <td style=\"padding: 12px; border: 1px solid black;\"><strong>Status:<\/strong><\/td>\n        <td style=\"padding: 12px; border: 1px solid black;\">Completed<\/td>\n      <\/tr>\n      <tr>\n        <td style=\"padding: 12px; border: 1px solid black;\"><strong>Sectors:<\/strong><\/td>\n        <td style=\"padding: 12px; border: 1px solid black;\">Event Organising<\/td>\n      <\/tr>\n      <tr>\n        <td style=\"padding: 12px; border: 1px solid black;\"><strong>Client:<\/strong><\/td>\n        <td style=\"padding: 12px; border: 1px solid black;\"><strong>IBF International Consulting S.A.<\/strong><\/td>\n      <\/tr>\n      <tr>\n        <td style=\"padding: 12px; border: 1px solid black;\"><strong>Project Name:<\/strong><\/td>\n        <td style=\"padding: 12px; border: 1px solid black;\"><strong>Workshops Event Organising<\/strong><\/td>\n      <\/tr>\n      <tr>\n        <td style=\"padding: 12px; border: 1px solid black; vertical-align: top;\"><strong>Project Description:<\/strong><\/td>\n        <td style=\"padding: 12px; border: 1px solid black;\">\n          This project consisted of the following:\n          <ul style=\"margin: 10px 0 0 20px; padding-left: 0; list-style-type: disc; color: black;\">\n            <li>Organising and implementing the initial, mid-term, and closing workshops<\/li>\n          <\/ul>\n        <\/td>\n      <\/tr>\n    <\/tbody>\n  <\/table>\n<\/div>\n\t\t\t\t\t\t\t\t<\/div>\n\t\t\t\t<\/div>\n\t\t\t\t<div class=\"elementor-element elementor-element-7ef10ade de_scroll_animation_no elementor-widget elementor-widget-text-editor\" data-id=\"7ef10ade\" data-element_type=\"widget\" data-widget_type=\"text-editor.default\">\n\t\t\t\t<div class=\"elementor-widget-container\">\n\t\t\t\t\t\t\t\t\t<div style=\"background-color: #91c3f2; color: black; padding: 30px; border-radius: 15px; font-family: Arial, sans-serif; max-width: 100%; margin-bottom: 30px;\">\n  <table style=\"width: 100%; border-collapse: collapse; border: 1px solid black;\">\n    <tbody>\n      <tr>\n        <td style=\"padding: 12px; border: 1px solid black;\"><strong>Country:<\/strong><\/td>\n        <td style=\"padding: 12px; border: 1px solid black;\">Kosovo<\/td>\n      <\/tr>\n      <tr>\n        <td style=\"padding: 12px; border: 1px solid black;\"><strong>Start Date\/End Date:<\/strong><\/td>\n        <td style=\"padding: 12px; border: 1px solid black;\">04.09.2017 \u2013 29.11.2019<\/td>\n      <\/tr>\n      <tr>\n        <td style=\"padding: 12px; border: 1px solid black;\"><strong>Status:<\/strong><\/td>\n        <td style=\"padding: 12px; border: 1px solid black;\">Completed<\/td>\n      <\/tr>\n      <tr>\n        <td style=\"padding: 12px; border: 1px solid black;\"><strong>Sectors:<\/strong><\/td>\n        <td style=\"padding: 12px; border: 1px solid black;\">Training \/ Consultancy<\/td>\n      <\/tr>\n      <tr>\n        <td style=\"padding: 12px; border: 1px solid black;\"><strong>Client:<\/strong><\/td>\n        <td style=\"padding: 12px; border: 1px solid black;\"><strong>United Nations Development Programme (UNDP) \u2013 INTERDEV 2 Project<\/strong><\/td>\n      <\/tr>\n      <tr>\n        <td style=\"padding: 12px; border: 1px solid black;\"><strong>Project Name:<\/strong><\/td>\n        <td style=\"padding: 12px; border: 1px solid black;\"><strong>Designing and Organising Four Business to Business events in the Economic Region East and Economic Region South of Kosovo<\/strong><\/td>\n      <\/tr>\n      <tr>\n        <td style=\"padding: 12px; border: 1px solid black; vertical-align: top;\"><strong>Project Description:<\/strong><\/td>\n        <td style=\"padding: 12px; border: 1px solid black;\">\n          This project consisted of the following:\n          <ul style=\"margin: 10px 0 0 20px; list-style-type: disc;\">\n            <li>Designing and implementing four business-to-business events in the Balkan region for local producers\/businesses in Dragash\/Draga\u0161, Sht\u00ebrpc\u00eb\/\u0160trpce, and Viti\/Vitina involved in dairy, honey, textiles, forest fruits, and gastronomy.<\/li>\n          <\/ul>\n          <ol style=\"margin: 10px 0 0 25px;\">\n            <li>October 2017 \u2013 Mitrovic\u00eb\/Mitrovica South, Kosovo (Mitrovic\u00eb, Vushtrri, Zubin Potok)<\/li>\n            <li>April 2018 \u2013 Struga, North Macedonia (Ker\u00e7ova, Pllasnica, Struga)<\/li>\n            <li>July 2018 \u2013 Kor\u00e7a, Albania (Devoll, Kor\u00e7a, Maliq)<\/li>\n            <li>September 2019 \u2013 Pej\u00eb\/Pe\u0107, Kosovo (Istog, Klin\u00eb, Pej\u00eb)<\/li>\n          <\/ol>\n          <ul style=\"margin: 10px 0 0 20px; list-style-type: disc;\">\n            <li>Arranging logistics for the business-to-business events, including:<\/li>\n            <li>Identifying and contacting selected businesses<\/li>\n            <li>Managing invitations, transport, and accommodation<\/li>\n            <li>Providing interpretation services<\/li>\n            <li>Producing promotional materials for businesses and products<\/li>\n          <\/ul>\n        <\/td>\n      <\/tr>\n    <\/tbody>\n  <\/table>\n<\/div>\n\t\t\t\t\t\t\t\t<\/div>\n\t\t\t\t<\/div>\n\t\t\t\t<div class=\"elementor-element elementor-element-77faa72f de_scroll_animation_no elementor-widget elementor-widget-text-editor\" data-id=\"77faa72f\" data-element_type=\"widget\" data-widget_type=\"text-editor.default\">\n\t\t\t\t<div class=\"elementor-widget-container\">\n\t\t\t\t\t\t\t\t\t<div style=\"background-color: #91c3f2; color: black; padding: 30px; border-radius: 15px; font-family: Arial, sans-serif; max-width: 100%; margin-bottom: 30px;\">\n  <table style=\"width: 100%; border-collapse: collapse; border: 1px solid black;\">\n    <tbody>\n      <tr>\n        <td style=\"padding: 12px; border: 1px solid black;\"><strong>Country:<\/strong><\/td>\n        <td style=\"padding: 12px; border: 1px solid black;\">Kosovo<\/td>\n      <\/tr>\n      <tr>\n        <td style=\"padding: 12px; border: 1px solid black;\"><strong>Start Date\/End Date:<\/strong><\/td>\n        <td style=\"padding: 12px; border: 1px solid black;\">20.12.2012 \u2013 21.12.2012<\/td>\n      <\/tr>\n      <tr>\n        <td style=\"padding: 12px; border: 1px solid black;\"><strong>Beneficiary:<\/strong><\/td>\n        <td style=\"padding: 12px; border: 1px solid black;\">Kosovo SME-s<\/td>\n      <\/tr>\n      <tr>\n        <td style=\"padding: 12px; border: 1px solid black;\"><strong>Status:<\/strong><\/td>\n        <td style=\"padding: 12px; border: 1px solid black;\">Completed<\/td>\n      <\/tr>\n      <tr>\n        <td style=\"padding: 12px; border: 1px solid black;\"><strong>Sectors:<\/strong><\/td>\n        <td style=\"padding: 12px; border: 1px solid black;\">Business Conference \/ Events Organising<\/td>\n      <\/tr>\n      <tr>\n        <td style=\"padding: 12px; border: 1px solid black;\"><strong>Client:<\/strong><\/td>\n        <td style=\"padding: 12px; border: 1px solid black;\"><strong>Greek Liaison Office in Kosovo<\/strong><\/td>\n      <\/tr>\n      <tr>\n        <td style=\"padding: 12px; border: 1px solid black;\"><strong>Project Name:<\/strong><\/td>\n        <td style=\"padding: 12px; border: 1px solid black;\"><strong>Greek Liaison Office in Kosovo<\/strong><\/td>\n      <\/tr>\n      <tr>\n        <td style=\"padding: 12px; border: 1px solid black; vertical-align: top;\"><strong>Project Description:<\/strong><\/td>\n        <td style=\"padding: 12px; border: 1px solid black;\">\n          This project consisted of the following:\n          <ul style=\"margin: 10px 0 0 20px; list-style-type: disc;\">\n            <li>Organising and implementing a business-to-business meeting event in Thessaloniki for Kosovo and Greek businesses.<\/li>\n          <\/ul>\n        <\/td>\n      <\/tr>\n    <\/tbody>\n  <\/table>\n<\/div>\n\t\t\t\t\t\t\t\t<\/div>\n\t\t\t\t<\/div>\n\t\t\t\t<div class=\"elementor-element elementor-element-5fe8b2f8 de_scroll_animation_no elementor-widget elementor-widget-text-editor\" data-id=\"5fe8b2f8\" data-element_type=\"widget\" data-widget_type=\"text-editor.default\">\n\t\t\t\t<div class=\"elementor-widget-container\">\n\t\t\t\t\t\t\t\t\t<div style=\"background-color: #91c3f2; color: black; padding: 30px; border-radius: 15px; font-family: Arial, sans-serif; max-width: 100%; margin-bottom: 30px;\">\n  <table style=\"width: 100%; border-collapse: collapse; border: 1px solid black;\">\n    <tbody>\n      <tr>\n        <td style=\"padding: 12px; border: 1px solid black;\"><strong>Country:<\/strong><\/td>\n        <td style=\"padding: 12px; border: 1px solid black;\">Czech Republic<\/td>\n      <\/tr>\n      <tr>\n        <td style=\"padding: 12px; border: 1px solid black;\"><strong>Start Date\/End Date:<\/strong><\/td>\n        <td style=\"padding: 12px; border: 1px solid black;\">26.11.2012 \u2013 27.11.2012<\/td>\n      <\/tr>\n      <tr>\n        <td style=\"padding: 12px; border: 1px solid black;\"><strong>Beneficiary:<\/strong><\/td>\n        <td style=\"padding: 12px; border: 1px solid black;\">Kosovo SME-s<\/td>\n      <\/tr>\n      <tr>\n        <td style=\"padding: 12px; border: 1px solid black;\"><strong>Status:<\/strong><\/td>\n        <td style=\"padding: 12px; border: 1px solid black;\">Completed<\/td>\n      <\/tr>\n      <tr>\n        <td style=\"padding: 12px; border: 1px solid black;\"><strong>Sectors:<\/strong><\/td>\n        <td style=\"padding: 12px; border: 1px solid black;\">Business Conference \/ Events Organising<\/td>\n      <\/tr>\n      <tr>\n        <td style=\"padding: 12px; border: 1px solid black;\"><strong>Client:<\/strong><\/td>\n        <td style=\"padding: 12px; border: 1px solid black;\"><strong>Czech Embassy in Kosovo<\/strong><\/td>\n      <\/tr>\n      <tr>\n        <td style=\"padding: 12px; border: 1px solid black;\"><strong>Project Name:<\/strong><\/td>\n        <td style=\"padding: 12px; border: 1px solid black;\"><strong>Czech Embassy in Kosovo<\/strong><\/td>\n      <\/tr>\n      <tr>\n        <td style=\"padding: 12px; border: 1px solid black; vertical-align: top;\"><strong>Project Description:<\/strong><\/td>\n        <td style=\"padding: 12px; border: 1px solid black;\">\n          This project consisted of the following:\n          <ul style=\"margin: 10px 0 0 20px; list-style-type: disc;\">\n            <li>Organising and implementing a business-to-business meeting event in Prague for Kosovo and Czech businesses.<\/li>\n          <\/ul>\n        <\/td>\n      <\/tr>\n    <\/tbody>\n  <\/table>\n<\/div>\n\t\t\t\t\t\t\t\t<\/div>\n\t\t\t\t<\/div>\n\t\t\t\t<div class=\"elementor-element elementor-element-27f9007 de_scroll_animation_no elementor-widget elementor-widget-text-editor\" data-id=\"27f9007\" data-element_type=\"widget\" data-widget_type=\"text-editor.default\">\n\t\t\t\t<div class=\"elementor-widget-container\">\n\t\t\t\t\t\t\t\t\t<div style=\"background-color: #91c3f2; color: black; padding: 30px; border-radius: 15px; font-family: Arial, sans-serif; max-width: 100%; margin-bottom: 30px;\">\n  <table style=\"width: 100%; border-collapse: collapse; border: 1px solid black;\">\n    <tbody>\n      <tr>\n        <td style=\"padding: 12px; border: 1px solid black;\"><strong>Country:<\/strong><\/td>\n        <td style=\"padding: 12px; border: 1px solid black;\">Kosovo<\/td>\n      <\/tr>\n      <tr>\n        <td style=\"padding: 12px; border: 1px solid black;\"><strong>Start Date\/End Date:<\/strong><\/td>\n        <td style=\"padding: 12px; border: 1px solid black;\">24.06.2011<\/td>\n      <\/tr>\n      <tr>\n        <td style=\"padding: 12px; border: 1px solid black;\"><strong>Beneficiary:<\/strong><\/td>\n        <td style=\"padding: 12px; border: 1px solid black;\">Businesses from Italy and Kosovo<\/td>\n      <\/tr>\n      <tr>\n        <td style=\"padding: 12px; border: 1px solid black;\"><strong>Status:<\/strong><\/td>\n        <td style=\"padding: 12px; border: 1px solid black;\">Completed<\/td>\n      <\/tr>\n      <tr>\n        <td style=\"padding: 12px; border: 1px solid black;\"><strong>Sectors:<\/strong><\/td>\n        <td style=\"padding: 12px; border: 1px solid black;\">Organizimi i Konferencave\/Ngjarjeve<\/td>\n      <\/tr>\n      <tr>\n        <td style=\"padding: 12px; border: 1px solid black;\"><strong>Client:<\/strong><\/td>\n        <td style=\"padding: 12px; border: 1px solid black;\"><strong>MADE eventi S.R.L.<\/strong><\/td>\n      <\/tr>\n      <tr>\n        <td style=\"padding: 12px; border: 1px solid black;\"><strong>Project Name:<\/strong><\/td>\n        <td style=\"padding: 12px; border: 1px solid black;\"><strong>Organising and Presenting the Milano Exhibition Fair \u2013 MADE Expo 2011<\/strong><\/td>\n      <\/tr>\n      <tr>\n        <td style=\"padding: 12px; border: 1px solid black; vertical-align: top;\"><strong>Project Description:<\/strong><\/td>\n        <td style=\"padding: 12px; border: 1px solid black;\">\n          This project consisted of the following:\n          <ul style=\"margin: 10px 0 0 20px; list-style-type: disc;\">\n            <li>Organising the business event of the presentation of the Milano Exhibition Fair.<\/li>\n            <li>Promoting opportunities and outlook for Italian-Kosovar collaboration in the areas of architecture, design, construction, and new building technologies.<\/li>\n          <\/ul>\n        <\/td>\n      <\/tr>\n    <\/tbody>\n  <\/table>\n<\/div>\n\t\t\t\t\t\t\t\t<\/div>\n\t\t\t\t<\/div>\n\t\t\t\t<div class=\"elementor-element elementor-element-767a5d7 de_scroll_animation_no elementor-widget elementor-widget-text-editor\" data-id=\"767a5d7\" data-element_type=\"widget\" data-widget_type=\"text-editor.default\">\n\t\t\t\t<div class=\"elementor-widget-container\">\n\t\t\t\t\t\t\t\t\t<div style=\"background-color: #91c3f2; color: black; padding: 30px; border-radius: 15px; font-family: Arial, sans-serif; max-width: 100%; margin-bottom: 30px;\">\n  <table style=\"width: 100%; border-collapse: collapse; border: 1px solid black;\">\n    <tbody>\n      <tr>\n        <td style=\"padding: 12px; border: 1px solid black;\"><strong>Country:<\/strong><\/td>\n        <td style=\"padding: 12px; border: 1px solid black;\">Kosovo<\/td>\n      <\/tr>\n      <tr>\n        <td style=\"padding: 12px; border: 1px solid black;\"><strong>Start Date\/End Date:<\/strong><\/td>\n        <td style=\"padding: 12px; border: 1px solid black;\">12.04.2011 \/ 13.04.2011<\/td>\n      <\/tr>\n      <tr>\n        <td style=\"padding: 12px; border: 1px solid black;\"><strong>Beneficiary:<\/strong><\/td>\n        <td style=\"padding: 12px; border: 1px solid black;\">Thessaloniki Port Authority S.A.<\/td>\n      <\/tr>\n      <tr>\n        <td style=\"padding: 12px; border: 1px solid black;\"><strong>Status:<\/strong><\/td>\n        <td style=\"padding: 12px; border: 1px solid black;\">Completed<\/td>\n      <\/tr>\n      <tr>\n        <td style=\"padding: 12px; border: 1px solid black;\"><strong>Sectors:<\/strong><\/td>\n        <td style=\"padding: 12px; border: 1px solid black;\">Organizimi i Konferencave\/Ngjarjeve<\/td>\n      <\/tr>\n      <tr>\n        <td style=\"padding: 12px; border: 1px solid black;\"><strong>Client:<\/strong><\/td>\n        <td style=\"padding: 12px; border: 1px solid black;\"><strong>Thessaloniki Port Authority S.A.<\/strong><\/td>\n      <\/tr>\n      <tr>\n        <td style=\"padding: 12px; border: 1px solid black;\"><strong>Donor:<\/strong><\/td>\n        <td style=\"padding: 12px; border: 1px solid black;\"><strong>Government of Greece<\/strong><\/td>\n      <\/tr>\n      <tr>\n        <td style=\"padding: 12px; border: 1px solid black;\"><strong>Project Name:<\/strong><\/td>\n        <td style=\"padding: 12px; border: 1px solid black;\"><strong>Presenting the Thessaloniki Port Authority<\/strong><\/td>\n      <\/tr>\n      <tr>\n        <td style=\"padding: 12px; border: 1px solid black; vertical-align: top;\"><strong>Project Description:<\/strong><\/td>\n        <td style=\"padding: 12px; border: 1px solid black;\">\n          This project consisted of the following:\n          <ul style=\"margin: 10px 0 0 20px; list-style-type: disc;\">\n            <li>Organising the business event of the presentation of Thessaloniki Port Authorities.<\/li>\n            <li>Promoting opportunities for Kosovo businesses to use the Thessaloniki Port.<\/li>\n          <\/ul>\n        <\/td>\n      <\/tr>\n    <\/tbody>\n  <\/table>\n<\/div>\n\t\t\t\t\t\t\t\t<\/div>\n\t\t\t\t<\/div>\n\t\t\t\t<div class=\"elementor-element elementor-element-17c8788 de_scroll_animation_no elementor-widget elementor-widget-text-editor\" data-id=\"17c8788\" data-element_type=\"widget\" data-widget_type=\"text-editor.default\">\n\t\t\t\t<div class=\"elementor-widget-container\">\n\t\t\t\t\t\t\t\t\t<div style=\"background-color: #91c3f2; color: black; padding: 30px; border-radius: 15px; font-family: Arial, sans-serif; max-width: 100%; margin-bottom: 30px;\">\n  <table style=\"width: 100%; border-collapse: collapse; border: 1px solid black;\">\n    <tbody>\n      <tr>\n        <td style=\"padding: 12px; border: 1px solid black;\"><strong>Country:<\/strong><\/td>\n        <td style=\"padding: 12px; border: 1px solid black;\">Kosovo<\/td>\n      <\/tr>\n      <tr>\n        <td style=\"padding: 12px; border: 1px solid black;\"><strong>Start Date\/End Date:<\/strong><\/td>\n        <td style=\"padding: 12px; border: 1px solid black;\">04.05.2010<\/td>\n      <\/tr>\n      <tr>\n        <td style=\"padding: 12px; border: 1px solid black;\"><strong>Beneficiary:<\/strong><\/td>\n        <td style=\"padding: 12px; border: 1px solid black;\">Italian Trade Agency (ITA)<\/td>\n      <\/tr>\n      <tr>\n        <td style=\"padding: 12px; border: 1px solid black;\"><strong>Status:<\/strong><\/td>\n        <td style=\"padding: 12px; border: 1px solid black;\">Completed<\/td>\n      <\/tr>\n      <tr>\n        <td style=\"padding: 12px; border: 1px solid black;\"><strong>Sectors:<\/strong><\/td>\n        <td style=\"padding: 12px; border: 1px solid black;\">Events Organizing<\/td>\n      <\/tr>\n      <tr>\n        <td style=\"padding: 12px; border: 1px solid black;\"><strong>Client:<\/strong><\/td>\n        <td style=\"padding: 12px; border: 1px solid black;\"><strong>ICE Pristine<\/strong><\/td>\n      <\/tr>\n      <tr>\n        <td style=\"padding: 12px; border: 1px solid black;\"><strong>Donor:<\/strong><\/td>\n        <td style=\"padding: 12px; border: 1px solid black;\"><strong>Government of Italy<\/strong><\/td>\n      <\/tr>\n      <tr>\n        <td style=\"padding: 12px; border: 1px solid black;\"><strong>Project Name:<\/strong><\/td>\n        <td style=\"padding: 12px; border: 1px solid black;\"><strong>Promoting Kosovo-Italian Business Linkages<\/strong><\/td>\n      <\/tr>\n      <tr>\n        <td style=\"padding: 12px; border: 1px solid black; vertical-align: top;\"><strong>Project Description:<\/strong><\/td>\n        <td style=\"padding: 12px; border: 1px solid black;\">\n          This project consisted of the following:\n          <ul style=\"margin: 10px 0 0 20px; list-style-type: disc;\">\n            <li>Organising the business event of the presentation of the Kosovo-Italian Business Forum.<\/li>\n            <li>Promoting opportunities for Kosovo businesses to co-operate with Italian businesses.<\/li>\n          <\/ul>\n        <\/td>\n      <\/tr>\n    <\/tbody>\n  <\/table>\n<\/div>\n\t\t\t\t\t\t\t\t<\/div>\n\t\t\t\t<\/div>\n\t\t\t\t\t<\/div>\n\t\t<\/div>\n\t\t\t\t\t<\/div>\n\t\t<\/section>\n\t\t\t\t<\/div>","protected":false},"excerpt":{"rendered":"<p>Conference\/Events Organizing Country: Kosovo Start Date\/End Date: 27.04.2018 \u2013 25.07.2018 Status: Completed Sectors: Event Organising Client: IBF International Consulting S.A. Project Name: Workshops Event Organising Project Description: This project consisted of the following: Organising and implementing the initial, mid-term, and closing workshops Country: Kosovo Start Date\/End Date: 04.09.2017 \u2013 29.11.2019 Status: Completed Sectors: Training \/ [&hellip;]<\/p>","protected":false},"author":2,"featured_media":0,"parent":0,"menu_order":0,"comment_status":"closed","ping_status":"closed","template":"","meta":{"footnotes":""},"class_list":["post-1456","page","type-page","status-publish","hentry"],"_links":{"self":[{"href":"https:\/\/gcda-ks.biz\/alb\/wp-json\/wp\/v2\/pages\/1456","targetHints":{"allow":["GET"]}}],"collection":[{"href":"https:\/\/gcda-ks.biz\/alb\/wp-json\/wp\/v2\/pages"}],"about":[{"href":"https:\/\/gcda-ks.biz\/alb\/wp-json\/wp\/v2\/types\/page"}],"author":[{"embeddable":true,"href":"https:\/\/gcda-ks.biz\/alb\/wp-json\/wp\/v2\/users\/2"}],"replies":[{"embeddable":true,"href":"https:\/\/gcda-ks.biz\/alb\/wp-json\/wp\/v2\/comments?post=1456"}],"version-history":[{"count":11,"href":"https:\/\/gcda-ks.biz\/alb\/wp-json\/wp\/v2\/pages\/1456\/revisions"}],"predecessor-version":[{"id":3815,"href":"https:\/\/gcda-ks.biz\/alb\/wp-json\/wp\/v2\/pages\/1456\/revisions\/3815"}],"wp:attachment":[{"href":"https:\/\/gcda-ks.biz\/alb\/wp-json\/wp\/v2\/media?parent=1456"}],"curies":[{"name":"wp","href":"https:\/\/api.w.org\/{rel}","templated":true}]}}