{"id":1427,"date":"2023-01-11T10:39:22","date_gmt":"2023-01-11T10:39:22","guid":{"rendered":"https:\/\/www.gcda-ks.biz\/?page_id=1427"},"modified":"2025-05-05T06:25:46","modified_gmt":"2025-05-05T06:25:46","slug":"local-goverment","status":"publish","type":"page","link":"https:\/\/gcda-ks.biz\/alb\/local-goverment\/","title":{"rendered":"Qeverisja lokale"},"content":{"rendered":"<div data-elementor-type=\"wp-page\" data-elementor-id=\"1427\" class=\"elementor elementor-1427\" data-elementor-post-type=\"page\">\n\t\t\t\t\t\t<section class=\"elementor-section elementor-top-section elementor-element elementor-element-480aee6e elementor-section-boxed elementor-section-height-default elementor-section-height-default\" data-id=\"480aee6e\" data-element_type=\"section\">\n\t\t\t\t\t\t<div class=\"elementor-container elementor-column-gap-no\">\n\t\t\t\t\t<div class=\"elementor-column elementor-col-100 elementor-top-column elementor-element elementor-element-64de390d\" data-id=\"64de390d\" data-element_type=\"column\">\n\t\t\t<div class=\"elementor-widget-wrap elementor-element-populated\">\n\t\t\t\t\t\t<div class=\"elementor-element elementor-element-16551003 de_scroll_animation_no elementor-widget elementor-widget-heading\" data-id=\"16551003\" data-element_type=\"widget\" data-widget_type=\"heading.default\">\n\t\t\t\t<div class=\"elementor-widget-container\">\n\t\t\t\t\t<h2 class=\"elementor-heading-title elementor-size-default\">Qeverisja lokale\n<\/h2>\t\t\t\t<\/div>\n\t\t\t\t<\/div>\n\t\t\t\t<div class=\"elementor-element elementor-element-3e8a5ba9 de_scroll_animation_no elementor-widget elementor-widget-text-editor\" data-id=\"3e8a5ba9\" data-element_type=\"widget\" data-widget_type=\"text-editor.default\">\n\t\t\t\t<div class=\"elementor-widget-container\">\n\t\t\t\t\t\t\t\t\t<div style=\"background-color: #91c3f2; color: black; padding: 30px; border-radius: 15px; font-family: Arial, sans-serif; max-width: 100%; margin-bottom: 30px;\">\n  <table style=\"width: 100%; border-collapse: collapse; border: 1px solid black;\">\n    <tbody>\n      <tr>\n        <td style=\"padding: 12px; border: 1px solid black;\"><strong>Country:<\/strong><\/td>\n        <td style=\"padding: 12px; border: 1px solid black;\">Kosovo<\/td>\n      <\/tr>\n      <tr>\n        <td style=\"padding: 12px; border: 1px solid black;\"><strong>Start Date\/End Date:<\/strong><\/td>\n        <td style=\"padding: 12px; border: 1px solid black;\">19.07.2019 \u2013 02.12.2019<\/td>\n      <\/tr>\n      <tr>\n        <td style=\"padding: 12px; border: 1px solid black;\"><strong>Status:<\/strong><\/td>\n        <td style=\"padding: 12px; border: 1px solid black;\">Finished<\/td>\n      <\/tr>\n      <tr>\n        <td style=\"padding: 12px; border: 1px solid black;\"><strong>Sectors:<\/strong><\/td>\n        <td style=\"padding: 12px; border: 1px solid black;\">Local Government \u2013 Training<\/td>\n      <\/tr>\n      <tr>\n        <td style=\"padding: 12px; border: 1px solid black;\"><strong>Client:<\/strong><\/td>\n        <td style=\"padding: 12px; border: 1px solid black;\"><strong>United Nations Development Programme (UNDP) \u2013 INTERDEV 2 Project<\/strong><\/td>\n      <\/tr>\n      <tr>\n        <td style=\"padding: 12px; border: 1px solid black;\"><strong>Project Name:<\/strong><\/td>\n        <td style=\"padding: 12px; border: 1px solid black;\"><strong>Training\/coaching Support to Selected Municipal Officials in Dragash\/Draga\u0161, Sht\u00ebrpc\u00eb\/\u0160trpce, and Viti\/Vitina Municipalities<\/strong><\/td>\n      <\/tr>\n      <tr>\n        <td style=\"padding: 12px; border: 1px solid black; vertical-align: top;\"><strong>Project Description:<\/strong><\/td>\n        <td style=\"padding: 12px; border: 1px solid black;\">\n          This project consisted of the following:\n          <ul style=\"margin: 10px 0 0 20px; padding-left: 0; list-style-type: disc; color: black;\">\n            <li>Designing and implementing capacity building on planning\/monitoring, reporting, youth engagement, and gender-sensitive planning\/budgeting<\/li>\n            <li>Delivering participatory training and coaching to up to 18 municipal officials (6 per municipality)<\/li>\n            <li>Conducting 6 days of training (2 per municipality)<\/li>\n            <li>Providing 9 days of on-the-job coaching support<\/li>\n            <li>Organising 3 co-design workshops to address youth challenges<\/li>\n            <li>Offering 3 days of training to youth groups on job application skills<\/li>\n            <li>Coaching officials on designing 3 Quick Impact Projects<\/li>\n            <li>Preparing and submitting the final report<\/li>\n          <\/ul>\n        <\/td>\n      <\/tr>\n    <\/tbody>\n  <\/table>\n<\/div>\n\t\t\t\t\t\t\t\t<\/div>\n\t\t\t\t<\/div>\n\t\t\t\t\t<\/div>\n\t\t<\/div>\n\t\t\t\t\t<\/div>\n\t\t<\/section>\n\t\t\t\t<\/div>","protected":false},"excerpt":{"rendered":"<p>Local Goverment Country: Kosovo Start Date\/End Date: 19.07.2019 \u2013 02.12.2019 Status: Finished Sectors: Local Government \u2013 Training Client: United Nations Development Programme (UNDP) \u2013 INTERDEV 2 Project Project Name: Training\/coaching Support to Selected Municipal Officials in Dragash\/Draga\u0161, Sht\u00ebrpc\u00eb\/\u0160trpce, and Viti\/Vitina Municipalities Project Description: This project consisted of the following: Designing and implementing capacity building on [&hellip;]<\/p>","protected":false},"author":2,"featured_media":0,"parent":0,"menu_order":0,"comment_status":"closed","ping_status":"closed","template":"","meta":{"footnotes":""},"class_list":["post-1427","page","type-page","status-publish","hentry"],"_links":{"self":[{"href":"https:\/\/gcda-ks.biz\/alb\/wp-json\/wp\/v2\/pages\/1427","targetHints":{"allow":["GET"]}}],"collection":[{"href":"https:\/\/gcda-ks.biz\/alb\/wp-json\/wp\/v2\/pages"}],"about":[{"href":"https:\/\/gcda-ks.biz\/alb\/wp-json\/wp\/v2\/types\/page"}],"author":[{"embeddable":true,"href":"https:\/\/gcda-ks.biz\/alb\/wp-json\/wp\/v2\/users\/2"}],"replies":[{"embeddable":true,"href":"https:\/\/gcda-ks.biz\/alb\/wp-json\/wp\/v2\/comments?post=1427"}],"version-history":[{"count":8,"href":"https:\/\/gcda-ks.biz\/alb\/wp-json\/wp\/v2\/pages\/1427\/revisions"}],"predecessor-version":[{"id":3794,"href":"https:\/\/gcda-ks.biz\/alb\/wp-json\/wp\/v2\/pages\/1427\/revisions\/3794"}],"wp:attachment":[{"href":"https:\/\/gcda-ks.biz\/alb\/wp-json\/wp\/v2\/media?parent=1427"}],"curies":[{"name":"wp","href":"https:\/\/api.w.org\/{rel}","templated":true}]}}