{"id":1243,"date":"2023-01-11T08:42:37","date_gmt":"2023-01-11T08:42:37","guid":{"rendered":"https:\/\/www.gcda-ks.biz\/?page_id=1243"},"modified":"2023-01-13T18:06:43","modified_gmt":"2023-01-13T18:06:43","slug":"finance-and-administrative","status":"publish","type":"page","link":"https:\/\/gcda-ks.biz\/alb\/finance-and-administrative\/","title":{"rendered":"Financa dhe Administrat\u00eb"},"content":{"rendered":"<div data-elementor-type=\"wp-page\" data-elementor-id=\"1243\" class=\"elementor elementor-1243\" data-elementor-post-type=\"page\">\n\t\t\t\t\t\t<section class=\"elementor-section elementor-top-section elementor-element elementor-element-36a2636f elementor-section-boxed elementor-section-height-default elementor-section-height-default\" data-id=\"36a2636f\" data-element_type=\"section\" data-settings=\"{&quot;background_background&quot;:&quot;classic&quot;}\">\n\t\t\t\t\t\t<div class=\"elementor-container elementor-column-gap-no\">\n\t\t\t\t\t<div class=\"elementor-column elementor-col-100 elementor-top-column elementor-element elementor-element-624de438\" data-id=\"624de438\" data-element_type=\"column\">\n\t\t\t<div class=\"elementor-widget-wrap elementor-element-populated\">\n\t\t\t\t\t\t<div class=\"elementor-element elementor-element-76d0d090 de_scroll_animation_no elementor-widget elementor-widget-heading\" data-id=\"76d0d090\" data-element_type=\"widget\" data-widget_type=\"heading.default\">\n\t\t\t\t<div class=\"elementor-widget-container\">\n\t\t\t\t\t<h2 class=\"elementor-heading-title elementor-size-default\">Financa dhe Administrat\u00eb<\/h2>\t\t\t\t<\/div>\n\t\t\t\t<\/div>\n\t\t\t\t<div class=\"elementor-element elementor-element-12b76f12 de_scroll_animation_no elementor-widget elementor-widget-text-editor\" data-id=\"12b76f12\" data-element_type=\"widget\" data-widget_type=\"text-editor.default\">\n\t\t\t\t<div class=\"elementor-widget-container\">\n\t\t\t\t\t\t\t\t\t<p>T\u00eb qenit n\u00eb gjendje t\u00eb njoh\u00ebsh rrezikun e qen\u00ebsish\u00ebm t\u00eb k\u00ebtyre vendimeve dhe t\u00eb dish se si t\u00eb mbrohemi n\u00eb m\u00ebnyr\u00eb adekuate ndaj pasiguris\u00eb \u00ebsht\u00eb thelb\u00ebsore n\u00eb sistemin ton\u00eb shum\u00eb t\u00eb integruar t\u00eb tregjeve t\u00eb kapitalit.<\/p><p>Dinamika globale n\u00eb mjedisin e biznesit ka rritur rolin e menaxhimit t\u00eb financave. Njohurit\u00eb se si t\u00eb merren si\u00e7 duhet vendimet p\u00ebr investime dhe financim \u00ebsht\u00eb \u00e7el\u00ebsi p\u00ebr t\u00eb p\u00ebrcaktuar suksesin monetar t\u00eb nj\u00eb kompanie.<\/p><p>T\u00eb qenit n\u00eb gjendje t\u00eb njoh\u00ebsh rrezikun e qen\u00ebsish\u00ebm t\u00eb k\u00ebtyre vendimeve dhe t\u00eb dish se si t\u00eb mbrohemi n\u00eb m\u00ebnyr\u00eb adekuate ndaj pasiguris\u00eb \u00ebsht\u00eb thelb\u00ebsore n\u00eb sistemin ton\u00eb shum\u00eb t\u00eb integruar t\u00eb tregjeve t\u00eb kapitalit.<\/p><p>Sh\u00ebrbimet kryesore q\u00eb ofrohen nga departamenti yn\u00eb financiar p\u00ebrfshijn\u00eb si m\u00eb posht\u00eb:<\/p><ul><li>Planifikimi i burimeve vjetore dhe afatmesme sipas prioriteteve strategjike n\u00eb zhvillim<\/li><li>Sigurimi q\u00eb planet e burimeve t\u00eb departamenteve dhe divizioneve jan\u00eb n\u00eb p\u00ebrputhje me prioritetet dhe normat e kompanis\u00eb<\/li><li>Monitorimi i p\u00ebrdorimit t\u00eb burimeve sipas normave t\u00eb efikasitetit dhe nevojave t\u00eb shfaqura<\/li><li>Mb\u00ebshtetja dhe koordinimi i nj\u00eb elementi kryesor t\u00eb sistemit t\u00eb menaxhimit t\u00eb rrezikut t\u00eb kompanis\u00eb<\/li><li>Udh\u00ebheqja e zbatimit dhe evolucionit t\u00eb menaxhimit p\u00ebr rezultatet e zhvillimit n\u00eb t\u00eb gjith\u00eb organizat\u00ebn\u00a0<\/li><\/ul><p>\u00a0<\/p><p>Sektori i administrat\u00ebs ofron detyra t\u00eb p\u00ebrgjithshme administrative, nd\u00ebrkoh\u00eb q\u00eb koordinohet me departamentin e burimeve njer\u00ebzore. R\u00ebnd\u00ebsia e departamenteve t\u00eb administrat\u00ebs brenda nj\u00eb kompanie \u00ebsht\u00eb koordinimi i pun\u00ebve n\u00eb t\u00eb gjitha departamentet e tjera dhe procesimi i t\u00eb gjitha detyrave administrative me pjes\u00ebn tjet\u00ebr t\u00eb kompanis\u00eb.<\/p><p>The services provided by the administration department include the following:<\/p><ul><li>Monitorimi i komunikimeve t\u00eb brendshme n\u00eb m\u00ebnyr\u00eb q\u00eb t\u00eb gjith\u00eb an\u00ebtar\u00ebt e kompanis\u00eb t\u00eb jen\u00eb t\u00eb vet\u00ebdijsh\u00ebm p\u00ebr at\u00eb q\u00eb po ndodh brenda kompanis\u00eb<\/li><li>P\u00ebrpunimi i dokumenteve dhe informacionit p\u00ebr njer\u00ebzit e brendsh\u00ebm<\/li><li>Marrja e d\u00ebrgesave q\u00eb mb\u00ebrrijn\u00eb n\u00eb zyr\u00eb<\/li><li>Sigurimi i sh\u00ebrbimit cil\u00ebsor ndaj klientit<\/li><li>P\u00ebrpunimi i t\u00eb dh\u00ebnave t\u00eb t\u00eb gjith\u00eb komunikimit dhe dokumentacionit<\/li><li>Faturimi dhe ark\u00ebtimi i faturave t\u00eb klient\u00ebve<\/li><\/ul>\t\t\t\t\t\t\t\t<\/div>\n\t\t\t\t<\/div>\n\t\t\t\t<div class=\"elementor-element elementor-element-5f347f3 elementor-widget-divider--view-line de_scroll_animation_no elementor-widget elementor-widget-divider\" data-id=\"5f347f3\" data-element_type=\"widget\" data-widget_type=\"divider.default\">\n\t\t\t\t<div class=\"elementor-widget-container\">\n\t\t\t\t\t\t\t<div class=\"elementor-divider\">\n\t\t\t<span class=\"elementor-divider-separator\">\n\t\t\t\t\t\t<\/span>\n\t\t<\/div>\n\t\t\t\t\t\t<\/div>\n\t\t\t\t<\/div>\n\t\t\t\t<div class=\"elementor-element elementor-element-4e373d9e de_scroll_animation_no elementor-widget elementor-widget-heading\" data-id=\"4e373d9e\" data-element_type=\"widget\" data-widget_type=\"heading.default\">\n\t\t\t\t<div class=\"elementor-widget-container\">\n\t\t\t\t\t<h2 class=\"elementor-heading-title elementor-size-default\">You May Also Like\n<\/h2>\t\t\t\t<\/div>\n\t\t\t\t<\/div>\n\t\t\t\t\t<\/div>\n\t\t<\/div>\n\t\t\t\t\t<\/div>\n\t\t<\/section>\n\t\t\t\t<section class=\"elementor-section elementor-inner-section elementor-element elementor-element-51c7833a departments elementor-section-boxed elementor-section-height-default elementor-section-height-default\" data-id=\"51c7833a\" data-element_type=\"section\" data-settings=\"{&quot;background_background&quot;:&quot;classic&quot;}\">\n\t\t\t\t\t\t<div class=\"elementor-container elementor-column-gap-default\">\n\t\t\t\t\t<div class=\"make-column-clickable-elementor de-column-clickable-elementor elementor-column elementor-col-33 elementor-inner-column elementor-element elementor-element-1ef60f01\" style=\"cursor: pointer; cursor: pointer;\" data-column-clickable=\"http:\/\/gcda-ks.biz\/business-development\/ http:\/\/gcda-ks.biz\/business-development\/\" data-column-clickable-blank=\"_self _self\" data-id=\"1ef60f01\" data-element_type=\"column\" data-settings=\"{&quot;background_background&quot;:&quot;classic&quot;}\">\n\t\t\t<div class=\"elementor-widget-wrap elementor-element-populated\">\n\t\t\t\t\t\t<div class=\"elementor-element elementor-element-4982fce7 elementor-view-default de_scroll_animation_no elementor-widget elementor-widget-icon\" data-id=\"4982fce7\" data-element_type=\"widget\" data-widget_type=\"icon.default\">\n\t\t\t\t<div class=\"elementor-widget-container\">\n\t\t\t\t\t\t\t<div class=\"elementor-icon-wrapper\">\n\t\t\t<div class=\"elementor-icon\">\n\t\t\t<i aria-hidden=\"true\" class=\"fas fa-chart-line\"><\/i>\t\t\t<\/div>\n\t\t<\/div>\n\t\t\t\t\t\t<\/div>\n\t\t\t\t<\/div>\n\t\t\t\t<div class=\"elementor-element elementor-element-3a70fd65 de_scroll_animation_no elementor-widget elementor-widget-heading\" data-id=\"3a70fd65\" data-element_type=\"widget\" data-widget_type=\"heading.default\">\n\t\t\t\t<div class=\"elementor-widget-container\">\n\t\t\t\t\t<h2 class=\"elementor-heading-title elementor-size-default\">Zhvillimi i Biznesit<\/h2>\t\t\t\t<\/div>\n\t\t\t\t<\/div>\n\t\t\t\t<div class=\"elementor-element elementor-element-1aafb5f4 de_scroll_animation_no elementor-widget elementor-widget-heading\" data-id=\"1aafb5f4\" data-element_type=\"widget\" data-widget_type=\"heading.default\">\n\t\t\t\t<div class=\"elementor-widget-container\">\n\t\t\t\t\t<h2 class=\"elementor-heading-title elementor-size-default\">GC&amp;DA LLC is committed to assisting domestic and foreign companies that want to locate, expand, grow, or maintain a presence\u2026<\/h2>\t\t\t\t<\/div>\n\t\t\t\t<\/div>\n\t\t\t\t\t<\/div>\n\t\t<\/div>\n\t\t\t\t<div class=\"make-column-clickable-elementor de-column-clickable-elementor elementor-column elementor-col-33 elementor-inner-column elementor-element elementor-element-7c34337c\" style=\"cursor: pointer; cursor: pointer;\" data-column-clickable=\"http:\/\/gcda-ks.biz\/project-department\/ http:\/\/gcda-ks.biz\/project-department\/\" data-column-clickable-blank=\"_self _self\" data-id=\"7c34337c\" data-element_type=\"column\" data-settings=\"{&quot;background_background&quot;:&quot;classic&quot;}\">\n\t\t\t<div class=\"elementor-widget-wrap elementor-element-populated\">\n\t\t\t\t\t\t<div class=\"elementor-element elementor-element-767c8496 elementor-view-default de_scroll_animation_no elementor-widget elementor-widget-icon\" data-id=\"767c8496\" data-element_type=\"widget\" data-widget_type=\"icon.default\">\n\t\t\t\t<div class=\"elementor-widget-container\">\n\t\t\t\t\t\t\t<div class=\"elementor-icon-wrapper\">\n\t\t\t<div class=\"elementor-icon\">\n\t\t\t<i aria-hidden=\"true\" class=\"fas fa-sitemap\"><\/i>\t\t\t<\/div>\n\t\t<\/div>\n\t\t\t\t\t\t<\/div>\n\t\t\t\t<\/div>\n\t\t\t\t<div class=\"elementor-element elementor-element-523aeeb8 de_scroll_animation_no elementor-widget elementor-widget-heading\" data-id=\"523aeeb8\" data-element_type=\"widget\" data-widget_type=\"heading.default\">\n\t\t\t\t<div class=\"elementor-widget-container\">\n\t\t\t\t\t<h2 class=\"elementor-heading-title elementor-size-default\">Departamenti i Projekteve<\/h2>\t\t\t\t<\/div>\n\t\t\t\t<\/div>\n\t\t\t\t<div class=\"elementor-element elementor-element-76b55c0a de_scroll_animation_no elementor-widget elementor-widget-heading\" data-id=\"76b55c0a\" data-element_type=\"widget\" data-widget_type=\"heading.default\">\n\t\t\t\t<div class=\"elementor-widget-container\">\n\t\t\t\t\t<h2 class=\"elementor-heading-title elementor-size-default\">Since our establishment, GC&amp;DA LLC has been extensively involved in providing support to Technical Assistance Projects that are funded by\u2026<\/h2>\t\t\t\t<\/div>\n\t\t\t\t<\/div>\n\t\t\t\t\t<\/div>\n\t\t<\/div>\n\t\t\t\t<div class=\"make-column-clickable-elementor de-column-clickable-elementor elementor-column elementor-col-33 elementor-inner-column elementor-element elementor-element-36d876e5\" style=\"cursor: pointer; cursor: pointer;\" data-column-clickable=\"http:\/\/gcda-ks.biz\/project-implementation\/ http:\/\/gcda-ks.biz\/project-implementation\/\" data-column-clickable-blank=\"_self _self\" data-id=\"36d876e5\" data-element_type=\"column\" data-settings=\"{&quot;background_background&quot;:&quot;classic&quot;}\">\n\t\t\t<div class=\"elementor-widget-wrap elementor-element-populated\">\n\t\t\t\t\t\t<div class=\"elementor-element elementor-element-d4d9495 elementor-view-default de_scroll_animation_no elementor-widget elementor-widget-icon\" data-id=\"d4d9495\" data-element_type=\"widget\" data-widget_type=\"icon.default\">\n\t\t\t\t<div class=\"elementor-widget-container\">\n\t\t\t\t\t\t\t<div class=\"elementor-icon-wrapper\">\n\t\t\t<div class=\"elementor-icon\">\n\t\t\t<i aria-hidden=\"true\" class=\"fas fa-cog\"><\/i>\t\t\t<\/div>\n\t\t<\/div>\n\t\t\t\t\t\t<\/div>\n\t\t\t\t<\/div>\n\t\t\t\t<div class=\"elementor-element elementor-element-35793b6d de_scroll_animation_no elementor-widget elementor-widget-heading\" data-id=\"35793b6d\" data-element_type=\"widget\" data-widget_type=\"heading.default\">\n\t\t\t\t<div class=\"elementor-widget-container\">\n\t\t\t\t\t<h2 class=\"elementor-heading-title elementor-size-default\">Implementimi i Projekteve<\/h2>\t\t\t\t<\/div>\n\t\t\t\t<\/div>\n\t\t\t\t<div class=\"elementor-element elementor-element-74b27b70 de_scroll_animation_no elementor-widget elementor-widget-heading\" data-id=\"74b27b70\" data-element_type=\"widget\" data-widget_type=\"heading.default\">\n\t\t\t\t<div class=\"elementor-widget-container\">\n\t\t\t\t\t<h2 class=\"elementor-heading-title elementor-size-default\">\u200bKonkurrent\u00ebt n\u00eb tregjet e reja shpesh her\u00eb ballafaqohen me sfida t\u00eb ndryshme q\u00eb shfaqen nga dallimet n\u00eb kultur\u00eb, gjuh\u00eb dhe\u2026\n\n<\/h2>\t\t\t\t<\/div>\n\t\t\t\t<\/div>\n\t\t\t\t\t<\/div>\n\t\t<\/div>\n\t\t\t\t\t<\/div>\n\t\t<\/section>\n\t\t\t\t<\/div>","protected":false},"excerpt":{"rendered":"<p>Finance and Administrative The Finance and Administration Department in our company is composed of the Financial Services Division and the Administration and Strategic Planning Division. The global dynamics in the business environment have increased the role of the finance management. Knowledge on how to appropriately make investment and financing decisions is the key to determine [&hellip;]<\/p>","protected":false},"author":2,"featured_media":0,"parent":0,"menu_order":0,"comment_status":"closed","ping_status":"closed","template":"","meta":{"footnotes":""},"class_list":["post-1243","page","type-page","status-publish","hentry"],"_links":{"self":[{"href":"https:\/\/gcda-ks.biz\/alb\/wp-json\/wp\/v2\/pages\/1243","targetHints":{"allow":["GET"]}}],"collection":[{"href":"https:\/\/gcda-ks.biz\/alb\/wp-json\/wp\/v2\/pages"}],"about":[{"href":"https:\/\/gcda-ks.biz\/alb\/wp-json\/wp\/v2\/types\/page"}],"author":[{"embeddable":true,"href":"https:\/\/gcda-ks.biz\/alb\/wp-json\/wp\/v2\/users\/2"}],"replies":[{"embeddable":true,"href":"https:\/\/gcda-ks.biz\/alb\/wp-json\/wp\/v2\/comments?post=1243"}],"version-history":[{"count":5,"href":"https:\/\/gcda-ks.biz\/alb\/wp-json\/wp\/v2\/pages\/1243\/revisions"}],"predecessor-version":[{"id":2561,"href":"https:\/\/gcda-ks.biz\/alb\/wp-json\/wp\/v2\/pages\/1243\/revisions\/2561"}],"wp:attachment":[{"href":"https:\/\/gcda-ks.biz\/alb\/wp-json\/wp\/v2\/media?parent=1243"}],"curies":[{"name":"wp","href":"https:\/\/api.w.org\/{rel}","templated":true}]}}