{"id":1241,"date":"2023-01-11T08:42:21","date_gmt":"2023-01-11T08:42:21","guid":{"rendered":"https:\/\/www.gcda-ks.biz\/?page_id=1241"},"modified":"2023-01-13T18:02:54","modified_gmt":"2023-01-13T18:02:54","slug":"project-implementation","status":"publish","type":"page","link":"https:\/\/gcda-ks.biz\/alb\/project-implementation\/","title":{"rendered":"Implementimi i Projekteve"},"content":{"rendered":"<div data-elementor-type=\"wp-page\" data-elementor-id=\"1241\" class=\"elementor elementor-1241\" data-elementor-post-type=\"page\">\n\t\t\t\t\t\t<section class=\"elementor-section elementor-top-section elementor-element elementor-element-1d9837f4 elementor-section-boxed elementor-section-height-default elementor-section-height-default\" data-id=\"1d9837f4\" data-element_type=\"section\" data-settings=\"{&quot;background_background&quot;:&quot;classic&quot;}\">\n\t\t\t\t\t\t<div class=\"elementor-container elementor-column-gap-no\">\n\t\t\t\t\t<div class=\"elementor-column elementor-col-100 elementor-top-column elementor-element elementor-element-7548575e\" data-id=\"7548575e\" data-element_type=\"column\">\n\t\t\t<div class=\"elementor-widget-wrap elementor-element-populated\">\n\t\t\t\t\t\t<div class=\"elementor-element elementor-element-19dfbf16 de_scroll_animation_no elementor-widget elementor-widget-heading\" data-id=\"19dfbf16\" data-element_type=\"widget\" data-widget_type=\"heading.default\">\n\t\t\t\t<div class=\"elementor-widget-container\">\n\t\t\t\t\t<h2 class=\"elementor-heading-title elementor-size-default\">Implementimi i Projekteve<\/h2>\t\t\t\t<\/div>\n\t\t\t\t<\/div>\n\t\t\t\t<div class=\"elementor-element elementor-element-43cd8b37 de_scroll_animation_no elementor-widget elementor-widget-text-editor\" data-id=\"43cd8b37\" data-element_type=\"widget\" data-widget_type=\"text-editor.default\">\n\t\t\t\t<div class=\"elementor-widget-container\">\n\t\t\t\t\t\t\t\t\t<p>Entrants to new markets often face various challenges that occur from differences in culture, language, and business practices. However,  most challenges occur due to a company being new and foreign to the place of implementation. What might be challenging to them, can be very manageable and simple for the local professionals. Therefore, on-the-ground assistance during the implementation phase is very important to make sure that the project is running smoothly, productively, on time and according to budget. GC&amp;DA helps new entrants to the Kosovo market by executing various projects as a sole implementer or in partnership with other organisations.<\/p><p>Our work includes, but is not limited to scheduling meetings with key contacts, establishing new office premises, identifying and contracting appropriate parties, conducting procurement procedures, as well as facilitate obtaining licenses and permits. It entails everything that enables clients to focus on their core business while we deal with the various project tasks and details.<\/p><p>GC&amp;DA also assists its clients in project implementation when they go abroad to other markets. We do this through our wide network of partner companies ensuring that GC&amp;DA clients are productive and efficient in their new environments by providing a host of project implementation services.<\/p><p>Our company has gained a well-earned reputation in the consultancy sector a for our ability to manage large and complex projects. As we are continuously working on projects of varying scopes, we continue to seek out partnerships with individuals and organisations that will help our clients get the results they desire.<\/p>\t\t\t\t\t\t\t\t<\/div>\n\t\t\t\t<\/div>\n\t\t\t\t<div class=\"elementor-element elementor-element-55e8e925 elementor-widget-divider--view-line de_scroll_animation_no elementor-widget elementor-widget-divider\" data-id=\"55e8e925\" data-element_type=\"widget\" data-widget_type=\"divider.default\">\n\t\t\t\t<div class=\"elementor-widget-container\">\n\t\t\t\t\t\t\t<div class=\"elementor-divider\">\n\t\t\t<span class=\"elementor-divider-separator\">\n\t\t\t\t\t\t<\/span>\n\t\t<\/div>\n\t\t\t\t\t\t<\/div>\n\t\t\t\t<\/div>\n\t\t\t\t<div class=\"elementor-element elementor-element-88c39d3 de_scroll_animation_no elementor-widget elementor-widget-heading\" data-id=\"88c39d3\" data-element_type=\"widget\" data-widget_type=\"heading.default\">\n\t\t\t\t<div class=\"elementor-widget-container\">\n\t\t\t\t\t<h2 class=\"elementor-heading-title elementor-size-default\">You May Also Like\n<\/h2>\t\t\t\t<\/div>\n\t\t\t\t<\/div>\n\t\t\t\t\t<\/div>\n\t\t<\/div>\n\t\t\t\t\t<\/div>\n\t\t<\/section>\n\t\t\t\t<section class=\"elementor-section elementor-inner-section elementor-element elementor-element-5aee5bfc departments elementor-section-boxed elementor-section-height-default elementor-section-height-default\" data-id=\"5aee5bfc\" data-element_type=\"section\" data-settings=\"{&quot;background_background&quot;:&quot;classic&quot;}\">\n\t\t\t\t\t\t<div class=\"elementor-container elementor-column-gap-default\">\n\t\t\t\t\t<div class=\"make-column-clickable-elementor de-column-clickable-elementor elementor-column elementor-col-33 elementor-inner-column elementor-element elementor-element-5e5572db\" style=\"cursor: pointer; cursor: pointer;\" data-column-clickable=\"http:\/\/gcda-ks.biz\/business-development\/ http:\/\/gcda-ks.biz\/business-development\/\" data-column-clickable-blank=\"_self _self\" data-id=\"5e5572db\" data-element_type=\"column\" data-settings=\"{&quot;background_background&quot;:&quot;classic&quot;}\">\n\t\t\t<div class=\"elementor-widget-wrap elementor-element-populated\">\n\t\t\t\t\t\t<div class=\"elementor-element elementor-element-2a834f24 elementor-view-default de_scroll_animation_no elementor-widget elementor-widget-icon\" data-id=\"2a834f24\" data-element_type=\"widget\" data-widget_type=\"icon.default\">\n\t\t\t\t<div class=\"elementor-widget-container\">\n\t\t\t\t\t\t\t<div class=\"elementor-icon-wrapper\">\n\t\t\t<div class=\"elementor-icon\">\n\t\t\t<i aria-hidden=\"true\" class=\"fas fa-chart-line\"><\/i>\t\t\t<\/div>\n\t\t<\/div>\n\t\t\t\t\t\t<\/div>\n\t\t\t\t<\/div>\n\t\t\t\t<div class=\"elementor-element elementor-element-5915612d de_scroll_animation_no elementor-widget elementor-widget-heading\" data-id=\"5915612d\" data-element_type=\"widget\" data-widget_type=\"heading.default\">\n\t\t\t\t<div class=\"elementor-widget-container\">\n\t\t\t\t\t<h2 class=\"elementor-heading-title elementor-size-default\">Zhvillimi i Biznesit<\/h2>\t\t\t\t<\/div>\n\t\t\t\t<\/div>\n\t\t\t\t<div class=\"elementor-element elementor-element-3548b9bb de_scroll_animation_no elementor-widget elementor-widget-heading\" data-id=\"3548b9bb\" data-element_type=\"widget\" data-widget_type=\"heading.default\">\n\t\t\t\t<div class=\"elementor-widget-container\">\n\t\t\t\t\t<h2 class=\"elementor-heading-title elementor-size-default\">GC&amp;DA LLC is committed to assisting domestic and foreign companies that want to locate, expand, grow, or maintain a presence\u2026<\/h2>\t\t\t\t<\/div>\n\t\t\t\t<\/div>\n\t\t\t\t\t<\/div>\n\t\t<\/div>\n\t\t\t\t<div class=\"make-column-clickable-elementor de-column-clickable-elementor elementor-column elementor-col-33 elementor-inner-column elementor-element elementor-element-20af52e0\" style=\"cursor: pointer; cursor: pointer;\" data-column-clickable=\"http:\/\/gcda-ks.biz\/project-department\/ http:\/\/gcda-ks.biz\/project-department\/\" data-column-clickable-blank=\"_self _self\" data-id=\"20af52e0\" data-element_type=\"column\" data-settings=\"{&quot;background_background&quot;:&quot;classic&quot;}\">\n\t\t\t<div class=\"elementor-widget-wrap elementor-element-populated\">\n\t\t\t\t\t\t<div class=\"elementor-element elementor-element-44f4018d elementor-view-default de_scroll_animation_no elementor-widget elementor-widget-icon\" data-id=\"44f4018d\" data-element_type=\"widget\" data-widget_type=\"icon.default\">\n\t\t\t\t<div class=\"elementor-widget-container\">\n\t\t\t\t\t\t\t<div class=\"elementor-icon-wrapper\">\n\t\t\t<div class=\"elementor-icon\">\n\t\t\t<i aria-hidden=\"true\" class=\"fas fa-sitemap\"><\/i>\t\t\t<\/div>\n\t\t<\/div>\n\t\t\t\t\t\t<\/div>\n\t\t\t\t<\/div>\n\t\t\t\t<div class=\"elementor-element elementor-element-35f07ba7 de_scroll_animation_no elementor-widget elementor-widget-heading\" data-id=\"35f07ba7\" data-element_type=\"widget\" data-widget_type=\"heading.default\">\n\t\t\t\t<div class=\"elementor-widget-container\">\n\t\t\t\t\t<h2 class=\"elementor-heading-title elementor-size-default\">Departamenti i Projekteve<\/h2>\t\t\t\t<\/div>\n\t\t\t\t<\/div>\n\t\t\t\t<div class=\"elementor-element elementor-element-296825c2 de_scroll_animation_no elementor-widget elementor-widget-heading\" data-id=\"296825c2\" data-element_type=\"widget\" data-widget_type=\"heading.default\">\n\t\t\t\t<div class=\"elementor-widget-container\">\n\t\t\t\t\t<h2 class=\"elementor-heading-title elementor-size-default\">Since our establishment, GC&amp;DA LLC has been extensively involved in providing support to Technical Assistance Projects that are funded by\u2026<\/h2>\t\t\t\t<\/div>\n\t\t\t\t<\/div>\n\t\t\t\t\t<\/div>\n\t\t<\/div>\n\t\t\t\t<div class=\"make-column-clickable-elementor de-column-clickable-elementor elementor-column elementor-col-33 elementor-inner-column elementor-element elementor-element-825b3c3\" style=\"cursor: pointer; cursor: pointer;\" data-column-clickable=\"http:\/\/gcda-ks.biz\/finance-and-administrative\/ http:\/\/gcda-ks.biz\/finance-and-administrative\/\" data-column-clickable-blank=\"_self _self\" data-id=\"825b3c3\" data-element_type=\"column\" data-settings=\"{&quot;background_background&quot;:&quot;classic&quot;}\">\n\t\t\t<div class=\"elementor-widget-wrap elementor-element-populated\">\n\t\t\t\t\t\t<div class=\"elementor-element elementor-element-1e13118a elementor-view-default de_scroll_animation_no elementor-widget elementor-widget-icon\" data-id=\"1e13118a\" data-element_type=\"widget\" data-widget_type=\"icon.default\">\n\t\t\t\t<div class=\"elementor-widget-container\">\n\t\t\t\t\t\t\t<div class=\"elementor-icon-wrapper\">\n\t\t\t<div class=\"elementor-icon\">\n\t\t\t<i aria-hidden=\"true\" class=\"fas fa-briefcase\"><\/i>\t\t\t<\/div>\n\t\t<\/div>\n\t\t\t\t\t\t<\/div>\n\t\t\t\t<\/div>\n\t\t\t\t<div class=\"elementor-element elementor-element-74c70689 de_scroll_animation_no elementor-widget elementor-widget-heading\" data-id=\"74c70689\" data-element_type=\"widget\" data-widget_type=\"heading.default\">\n\t\t\t\t<div class=\"elementor-widget-container\">\n\t\t\t\t\t<h2 class=\"elementor-heading-title elementor-size-default\">Financa dhe Administrat\u00eb<\/h2>\t\t\t\t<\/div>\n\t\t\t\t<\/div>\n\t\t\t\t<div class=\"elementor-element elementor-element-603cae0a de_scroll_animation_no elementor-widget elementor-widget-heading\" data-id=\"603cae0a\" data-element_type=\"widget\" data-widget_type=\"heading.default\">\n\t\t\t\t<div class=\"elementor-widget-container\">\n\t\t\t\t\t<h2 class=\"elementor-heading-title elementor-size-default\">Departamenti p\u00ebr Financa\/Administrativ n\u00eb kuad\u00ebr t\u00eb kompanis\u00eb p\u00ebrb\u00ebhet nga Divizioni i Sh\u00ebrbimeve Financiare dhe Administrative, si dhe Divizioni p\u00ebr Planifikim\u2026\n\n<\/h2>\t\t\t\t<\/div>\n\t\t\t\t<\/div>\n\t\t\t\t\t<\/div>\n\t\t<\/div>\n\t\t\t\t\t<\/div>\n\t\t<\/section>\n\t\t\t\t<\/div>","protected":false},"excerpt":{"rendered":"<p>Project Implementation Entrants to new markets often face various challenges that occur from differences in culture, language, and business practices. However,\u00a0 most challenges occur due to a company being new and foreign to the place of implementation. What might be challenging to them, can be very manageable and simple for the local professionals. Therefore, on-the-ground [&hellip;]<\/p>","protected":false},"author":2,"featured_media":0,"parent":0,"menu_order":0,"comment_status":"closed","ping_status":"closed","template":"","meta":{"footnotes":""},"class_list":["post-1241","page","type-page","status-publish","hentry"],"_links":{"self":[{"href":"https:\/\/gcda-ks.biz\/alb\/wp-json\/wp\/v2\/pages\/1241","targetHints":{"allow":["GET"]}}],"collection":[{"href":"https:\/\/gcda-ks.biz\/alb\/wp-json\/wp\/v2\/pages"}],"about":[{"href":"https:\/\/gcda-ks.biz\/alb\/wp-json\/wp\/v2\/types\/page"}],"author":[{"embeddable":true,"href":"https:\/\/gcda-ks.biz\/alb\/wp-json\/wp\/v2\/users\/2"}],"replies":[{"embeddable":true,"href":"https:\/\/gcda-ks.biz\/alb\/wp-json\/wp\/v2\/comments?post=1241"}],"version-history":[{"count":5,"href":"https:\/\/gcda-ks.biz\/alb\/wp-json\/wp\/v2\/pages\/1241\/revisions"}],"predecessor-version":[{"id":2555,"href":"https:\/\/gcda-ks.biz\/alb\/wp-json\/wp\/v2\/pages\/1241\/revisions\/2555"}],"wp:attachment":[{"href":"https:\/\/gcda-ks.biz\/alb\/wp-json\/wp\/v2\/media?parent=1241"}],"curies":[{"name":"wp","href":"https:\/\/api.w.org\/{rel}","templated":true}]}}