{"id":1239,"date":"2023-01-11T08:42:03","date_gmt":"2023-01-11T08:42:03","guid":{"rendered":"https:\/\/www.gcda-ks.biz\/?page_id=1239"},"modified":"2023-01-13T18:01:13","modified_gmt":"2023-01-13T18:01:13","slug":"project-department","status":"publish","type":"page","link":"https:\/\/gcda-ks.biz\/alb\/project-department\/","title":{"rendered":"Departamenti i Projekteve"},"content":{"rendered":"<div data-elementor-type=\"wp-page\" data-elementor-id=\"1239\" class=\"elementor elementor-1239\" data-elementor-post-type=\"page\">\n\t\t\t\t\t\t<section class=\"elementor-section elementor-top-section elementor-element elementor-element-47227fdf elementor-section-boxed elementor-section-height-default elementor-section-height-default\" data-id=\"47227fdf\" data-element_type=\"section\" data-settings=\"{&quot;background_background&quot;:&quot;classic&quot;}\">\n\t\t\t\t\t\t<div class=\"elementor-container elementor-column-gap-no\">\n\t\t\t\t\t<div class=\"elementor-column elementor-col-100 elementor-top-column elementor-element elementor-element-1d04a61d\" data-id=\"1d04a61d\" data-element_type=\"column\">\n\t\t\t<div class=\"elementor-widget-wrap elementor-element-populated\">\n\t\t\t\t\t\t<div class=\"elementor-element elementor-element-50ef3b8d de_scroll_animation_no elementor-widget elementor-widget-heading\" data-id=\"50ef3b8d\" data-element_type=\"widget\" data-widget_type=\"heading.default\">\n\t\t\t\t<div class=\"elementor-widget-container\">\n\t\t\t\t\t<h2 class=\"elementor-heading-title elementor-size-default\">Departamenti i Projekteve\n<\/h2>\t\t\t\t<\/div>\n\t\t\t\t<\/div>\n\t\t\t\t<div class=\"elementor-element elementor-element-6cdd0f98 de_scroll_animation_no elementor-widget elementor-widget-text-editor\" data-id=\"6cdd0f98\" data-element_type=\"widget\" data-widget_type=\"text-editor.default\">\n\t\t\t\t<div class=\"elementor-widget-container\">\n\t\t\t\t\t\t\t\t\t<p>Since our establishment, GC&amp;DA LLC has been extensively involved in providing support to Technical Assistance Projects that are funded by different donor agencies.  We provide experts for Calls for Proposals, as well as the management and implementation of complex and multi-disciplinary projects.<\/p><p>Regarding the execution of project activities and accomplishment of objectives, our backstopping services focus on the following: assistance on project set-up, , establishment of monitoring tools and quality control mechanisms, assessment of project progress, financial and accounting management, support to preparation of project reports and manuals, creation of expert teams, monitoring and evaluation, and logistical support.<\/p><p>Another activity of GC&amp;DA LLC is the preparation and execution of Grant Schemes for applicant companies. We inspect the application procedures, assist in preparing the applications documentation, and help in formulating innovative project solutions. For winners of grants, we assist in project management by ensuring appropriate procurement procedures are followed, reports are produced according to respective donor requirements, donor visibility is maintained, bookkeeping and documentation is undertaken, and all contract requirements are respected.<\/p>\t\t\t\t\t\t\t\t<\/div>\n\t\t\t\t<\/div>\n\t\t\t\t<div class=\"elementor-element elementor-element-719759db elementor-widget-divider--view-line de_scroll_animation_no elementor-widget elementor-widget-divider\" data-id=\"719759db\" data-element_type=\"widget\" data-widget_type=\"divider.default\">\n\t\t\t\t<div class=\"elementor-widget-container\">\n\t\t\t\t\t\t\t<div class=\"elementor-divider\">\n\t\t\t<span class=\"elementor-divider-separator\">\n\t\t\t\t\t\t<\/span>\n\t\t<\/div>\n\t\t\t\t\t\t<\/div>\n\t\t\t\t<\/div>\n\t\t\t\t<div class=\"elementor-element elementor-element-78e629bf de_scroll_animation_no elementor-widget elementor-widget-heading\" data-id=\"78e629bf\" data-element_type=\"widget\" data-widget_type=\"heading.default\">\n\t\t\t\t<div class=\"elementor-widget-container\">\n\t\t\t\t\t<h2 class=\"elementor-heading-title elementor-size-default\">You May Also Like\n<\/h2>\t\t\t\t<\/div>\n\t\t\t\t<\/div>\n\t\t\t\t\t<\/div>\n\t\t<\/div>\n\t\t\t\t\t<\/div>\n\t\t<\/section>\n\t\t\t\t<section class=\"elementor-section elementor-inner-section elementor-element elementor-element-5bce9e4e departments elementor-section-boxed elementor-section-height-default elementor-section-height-default\" data-id=\"5bce9e4e\" data-element_type=\"section\" data-settings=\"{&quot;background_background&quot;:&quot;classic&quot;}\">\n\t\t\t\t\t\t<div class=\"elementor-container elementor-column-gap-default\">\n\t\t\t\t\t<div class=\"make-column-clickable-elementor de-column-clickable-elementor elementor-column elementor-col-33 elementor-inner-column elementor-element elementor-element-3b0cdf5d\" style=\"cursor: pointer; cursor: pointer;\" data-column-clickable=\"http:\/\/gcda-ks.biz\/business-development\/ http:\/\/gcda-ks.biz\/business-development\/\" data-column-clickable-blank=\"_self _self\" data-id=\"3b0cdf5d\" data-element_type=\"column\" data-settings=\"{&quot;background_background&quot;:&quot;classic&quot;}\">\n\t\t\t<div class=\"elementor-widget-wrap elementor-element-populated\">\n\t\t\t\t\t\t<div class=\"elementor-element elementor-element-29443cd7 elementor-view-default de_scroll_animation_no elementor-widget elementor-widget-icon\" data-id=\"29443cd7\" data-element_type=\"widget\" data-widget_type=\"icon.default\">\n\t\t\t\t<div class=\"elementor-widget-container\">\n\t\t\t\t\t\t\t<div class=\"elementor-icon-wrapper\">\n\t\t\t<div class=\"elementor-icon\">\n\t\t\t<i aria-hidden=\"true\" class=\"fas fa-chart-line\"><\/i>\t\t\t<\/div>\n\t\t<\/div>\n\t\t\t\t\t\t<\/div>\n\t\t\t\t<\/div>\n\t\t\t\t<div class=\"elementor-element elementor-element-6bf3a01b de_scroll_animation_no elementor-widget elementor-widget-heading\" data-id=\"6bf3a01b\" data-element_type=\"widget\" data-widget_type=\"heading.default\">\n\t\t\t\t<div class=\"elementor-widget-container\">\n\t\t\t\t\t<h2 class=\"elementor-heading-title elementor-size-default\">Zhvillimi i Biznesit<\/h2>\t\t\t\t<\/div>\n\t\t\t\t<\/div>\n\t\t\t\t<div class=\"elementor-element elementor-element-78789965 de_scroll_animation_no elementor-widget elementor-widget-heading\" data-id=\"78789965\" data-element_type=\"widget\" data-widget_type=\"heading.default\">\n\t\t\t\t<div class=\"elementor-widget-container\">\n\t\t\t\t\t<h2 class=\"elementor-heading-title elementor-size-default\">GC&amp;DA LLC is committed to assisting domestic and foreign companies that want to locate, expand, grow, or maintain a presence\u2026<\/h2>\t\t\t\t<\/div>\n\t\t\t\t<\/div>\n\t\t\t\t\t<\/div>\n\t\t<\/div>\n\t\t\t\t<div class=\"make-column-clickable-elementor de-column-clickable-elementor elementor-column elementor-col-33 elementor-inner-column elementor-element elementor-element-59f5668b\" style=\"cursor: pointer; cursor: pointer;\" data-column-clickable=\"http:\/\/gcda-ks.biz\/project-implementation\/ http:\/\/gcda-ks.biz\/project-implementation\/\" data-column-clickable-blank=\"_self _self\" data-id=\"59f5668b\" data-element_type=\"column\" data-settings=\"{&quot;background_background&quot;:&quot;classic&quot;}\">\n\t\t\t<div class=\"elementor-widget-wrap elementor-element-populated\">\n\t\t\t\t\t\t<div class=\"elementor-element elementor-element-1f32a225 elementor-view-default de_scroll_animation_no elementor-widget elementor-widget-icon\" data-id=\"1f32a225\" data-element_type=\"widget\" data-widget_type=\"icon.default\">\n\t\t\t\t<div class=\"elementor-widget-container\">\n\t\t\t\t\t\t\t<div class=\"elementor-icon-wrapper\">\n\t\t\t<div class=\"elementor-icon\">\n\t\t\t<i aria-hidden=\"true\" class=\"fas fa-cog\"><\/i>\t\t\t<\/div>\n\t\t<\/div>\n\t\t\t\t\t\t<\/div>\n\t\t\t\t<\/div>\n\t\t\t\t<div class=\"elementor-element elementor-element-703905b de_scroll_animation_no elementor-widget elementor-widget-heading\" data-id=\"703905b\" data-element_type=\"widget\" data-widget_type=\"heading.default\">\n\t\t\t\t<div class=\"elementor-widget-container\">\n\t\t\t\t\t<h2 class=\"elementor-heading-title elementor-size-default\">Implementimi i Projekteve<\/h2>\t\t\t\t<\/div>\n\t\t\t\t<\/div>\n\t\t\t\t<div class=\"elementor-element elementor-element-18ea168a de_scroll_animation_no elementor-widget elementor-widget-heading\" data-id=\"18ea168a\" data-element_type=\"widget\" data-widget_type=\"heading.default\">\n\t\t\t\t<div class=\"elementor-widget-container\">\n\t\t\t\t\t<h2 class=\"elementor-heading-title elementor-size-default\">\u200bKonkurrent\u00ebt n\u00eb tregjet e reja shpesh her\u00eb ballafaqohen me sfida t\u00eb ndryshme q\u00eb shfaqen nga dallimet n\u00eb kultur\u00eb, gjuh\u00eb dhe\u2026\n\n<\/h2>\t\t\t\t<\/div>\n\t\t\t\t<\/div>\n\t\t\t\t\t<\/div>\n\t\t<\/div>\n\t\t\t\t<div class=\"make-column-clickable-elementor de-column-clickable-elementor elementor-column elementor-col-33 elementor-inner-column elementor-element elementor-element-74408779\" style=\"cursor: pointer; cursor: pointer;\" data-column-clickable=\"http:\/\/gcda-ks.biz\/finance-and-administrative\/ http:\/\/gcda-ks.biz\/finance-and-administrative\/\" data-column-clickable-blank=\"_self _self\" data-id=\"74408779\" data-element_type=\"column\" data-settings=\"{&quot;background_background&quot;:&quot;classic&quot;}\">\n\t\t\t<div class=\"elementor-widget-wrap elementor-element-populated\">\n\t\t\t\t\t\t<div class=\"elementor-element elementor-element-2d84dbe4 elementor-view-default de_scroll_animation_no elementor-widget elementor-widget-icon\" data-id=\"2d84dbe4\" data-element_type=\"widget\" data-widget_type=\"icon.default\">\n\t\t\t\t<div class=\"elementor-widget-container\">\n\t\t\t\t\t\t\t<div class=\"elementor-icon-wrapper\">\n\t\t\t<div class=\"elementor-icon\">\n\t\t\t<i aria-hidden=\"true\" class=\"fas fa-briefcase\"><\/i>\t\t\t<\/div>\n\t\t<\/div>\n\t\t\t\t\t\t<\/div>\n\t\t\t\t<\/div>\n\t\t\t\t<div class=\"elementor-element elementor-element-584dd0e9 de_scroll_animation_no elementor-widget elementor-widget-heading\" data-id=\"584dd0e9\" data-element_type=\"widget\" data-widget_type=\"heading.default\">\n\t\t\t\t<div class=\"elementor-widget-container\">\n\t\t\t\t\t<h2 class=\"elementor-heading-title elementor-size-default\">Financa dhe Administrat\u00eb<\/h2>\t\t\t\t<\/div>\n\t\t\t\t<\/div>\n\t\t\t\t<div class=\"elementor-element elementor-element-7c47376e de_scroll_animation_no elementor-widget elementor-widget-heading\" data-id=\"7c47376e\" data-element_type=\"widget\" data-widget_type=\"heading.default\">\n\t\t\t\t<div class=\"elementor-widget-container\">\n\t\t\t\t\t<h2 class=\"elementor-heading-title elementor-size-default\">Departamenti p\u00ebr Financa\/Administrativ n\u00eb kuad\u00ebr t\u00eb kompanis\u00eb p\u00ebrb\u00ebhet nga Divizioni i Sh\u00ebrbimeve Financiare dhe Administrative, si dhe Divizioni p\u00ebr Planifikim\u2026\n\n<\/h2>\t\t\t\t<\/div>\n\t\t\t\t<\/div>\n\t\t\t\t\t<\/div>\n\t\t<\/div>\n\t\t\t\t\t<\/div>\n\t\t<\/section>\n\t\t\t\t<\/div>","protected":false},"excerpt":{"rendered":"<p>Project Department Since our establishment, GC&amp;DA LLC has been extensively involved in providing support to Technical Assistance Projects that are funded by different donor agencies.\u00a0 We provide experts for Calls for Proposals, as well as the management and implementation of complex and multi-disciplinary projects. Regarding the execution of project activities and accomplishment of objectives, our [&hellip;]<\/p>","protected":false},"author":2,"featured_media":0,"parent":0,"menu_order":0,"comment_status":"closed","ping_status":"closed","template":"","meta":{"footnotes":""},"class_list":["post-1239","page","type-page","status-publish","hentry"],"_links":{"self":[{"href":"https:\/\/gcda-ks.biz\/alb\/wp-json\/wp\/v2\/pages\/1239","targetHints":{"allow":["GET"]}}],"collection":[{"href":"https:\/\/gcda-ks.biz\/alb\/wp-json\/wp\/v2\/pages"}],"about":[{"href":"https:\/\/gcda-ks.biz\/alb\/wp-json\/wp\/v2\/types\/page"}],"author":[{"embeddable":true,"href":"https:\/\/gcda-ks.biz\/alb\/wp-json\/wp\/v2\/users\/2"}],"replies":[{"embeddable":true,"href":"https:\/\/gcda-ks.biz\/alb\/wp-json\/wp\/v2\/comments?post=1239"}],"version-history":[{"count":5,"href":"https:\/\/gcda-ks.biz\/alb\/wp-json\/wp\/v2\/pages\/1239\/revisions"}],"predecessor-version":[{"id":2549,"href":"https:\/\/gcda-ks.biz\/alb\/wp-json\/wp\/v2\/pages\/1239\/revisions\/2549"}],"wp:attachment":[{"href":"https:\/\/gcda-ks.biz\/alb\/wp-json\/wp\/v2\/media?parent=1239"}],"curies":[{"name":"wp","href":"https:\/\/api.w.org\/{rel}","templated":true}]}}